{"id":1749,"date":"2023-11-21T10:59:56","date_gmt":"2023-11-21T09:59:56","guid":{"rendered":"https:\/\/spripac.com\/?page_id=1749"},"modified":"2023-11-21T11:09:20","modified_gmt":"2023-11-21T10:09:20","slug":"sp05-mesh-foam","status":"publish","type":"page","link":"https:\/\/spripac.com\/en\/sp05-mesh-foam\/","title":{"rendered":"SP05 Mesh Foam"},"content":{"rendered":"<div data-elementor-type=\"wp-page\" data-elementor-id=\"1749\" class=\"elementor elementor-1749\">\n\t\t\t\t\t\t<div class=\"elementor-inner\">\n\t\t\t\t<div class=\"elementor-section-wrap\">\n\t\t\t\t\t\t\t\t\t<section class=\"elementor-section elementor-top-section elementor-element elementor-element-217cc291 elementor-section-height-min-height elementor-section-boxed elementor-section-height-default elementor-section-items-middle\" data-id=\"217cc291\" data-element_type=\"section\" data-settings=\"{&quot;background_background&quot;:&quot;classic&quot;,&quot;jet_parallax_layout_list&quot;:[]}\">\n\t\t\t\t\t\t\t<div class=\"elementor-background-overlay\"><\/div>\n\t\t\t\t\t\t\t<div class=\"elementor-container elementor-column-gap-default\">\n\t\t\t\t\t\t\t<div class=\"elementor-row\">\n\t\t\t\t\t<div class=\"elementor-column elementor-col-100 elementor-top-column elementor-element elementor-element-389ff693\" data-id=\"389ff693\" data-element_type=\"column\">\n\t\t\t<div class=\"elementor-column-wrap elementor-element-populated\">\n\t\t\t\t\t\t\t<div class=\"elementor-widget-wrap\">\n\t\t\t\t\t\t<section class=\"elementor-section elementor-inner-section elementor-element elementor-element-5e8027b3 elementor-section-boxed elementor-section-height-default elementor-section-height-default\" data-id=\"5e8027b3\" data-element_type=\"section\" data-settings=\"{&quot;jet_parallax_layout_list&quot;:[]}\">\n\t\t\t\t\t\t<div class=\"elementor-container elementor-column-gap-no\">\n\t\t\t\t\t\t\t<div class=\"elementor-row\">\n\t\t\t\t\t<div class=\"elementor-column elementor-col-50 elementor-inner-column elementor-element elementor-element-682f9bec\" data-id=\"682f9bec\" data-element_type=\"column\" data-settings=\"{&quot;background_background&quot;:&quot;slideshow&quot;,&quot;background_slideshow_gallery&quot;:[],&quot;background_slideshow_loop&quot;:&quot;yes&quot;,&quot;background_slideshow_slide_duration&quot;:5000,&quot;background_slideshow_slide_transition&quot;:&quot;fade&quot;,&quot;background_slideshow_transition_duration&quot;:500}\">\n\t\t\t<div class=\"elementor-column-wrap elementor-element-populated\">\n\t\t\t\t\t\t\t<div class=\"elementor-widget-wrap\">\n\t\t\t\t\t\t<div class=\"elementor-element elementor-element-6b5481b6 elementor-widget elementor-widget-image\" data-id=\"6b5481b6\" data-element_type=\"widget\" data-widget_type=\"image.default\">\n\t\t\t\t<div class=\"elementor-widget-container\">\n\t\t\t\t\t\t\t\t<div class=\"elementor-image\">\n\t\t\t\t\t\t\t\t\t\t\t\t<img decoding=\"async\" width=\"548\" height=\"577\" src=\"https:\/\/spripac.com\/wp-content\/uploads\/2023\/11\/SP05-Foam.png\" class=\"attachment-large size-large wp-image-1745\" alt=\"\" loading=\"lazy\" srcset=\"https:\/\/spripac.com\/wp-content\/uploads\/2023\/11\/SP05-Foam.png 548w, https:\/\/spripac.com\/wp-content\/uploads\/2023\/11\/SP05-Foam-285x300.png 285w, https:\/\/spripac.com\/wp-content\/uploads\/2023\/11\/SP05-Foam-11x12.png 11w\" sizes=\"(max-width: 548px) 100vw, 548px\" \/>\t\t\t\t\t\t\t\t\t\t\t\t\t\t<\/div>\n\t\t\t\t\t\t<\/div>\n\t\t\t\t<\/div>\n\t\t\t\t\t\t<\/div>\n\t\t\t\t\t<\/div>\n\t\t<\/div>\n\t\t\t\t<div class=\"elementor-column elementor-col-50 elementor-inner-column elementor-element elementor-element-a10035b\" data-id=\"a10035b\" data-element_type=\"column\">\n\t\t\t<div class=\"elementor-column-wrap elementor-element-populated\">\n\t\t\t\t\t\t\t<div class=\"elementor-widget-wrap\">\n\t\t\t\t\t\t<div class=\"elementor-element elementor-element-1bfa1de5 elementor-widget elementor-widget-heading\" data-id=\"1bfa1de5\" data-element_type=\"widget\" data-widget_type=\"heading.default\">\n\t\t\t\t<div class=\"elementor-widget-container\">\n\t\t\t<h2 class=\"elementor-heading-title elementor-size-default\">SP05\u2122 Mesh Foam<\/h2>\t\t<\/div>\n\t\t\t\t<\/div>\n\t\t\t\t<div class=\"elementor-element elementor-element-2f625d elementor-widget elementor-widget-spacer\" data-id=\"2f625d\" data-element_type=\"widget\" data-widget_type=\"spacer.default\">\n\t\t\t\t<div class=\"elementor-widget-container\">\n\t\t\t\t\t<div class=\"elementor-spacer\">\n\t\t\t<div class=\"elementor-spacer-inner\"><\/div>\n\t\t<\/div>\n\t\t\t\t<\/div>\n\t\t\t\t<\/div>\n\t\t\t\t<div class=\"elementor-element elementor-element-2f122c79 elementor-widget elementor-widget-heading\" data-id=\"2f122c79\" data-element_type=\"widget\" data-widget_type=\"heading.default\">\n\t\t\t\t<div class=\"elementor-widget-container\">\n\t\t\t<p class=\"elementor-heading-title elementor-size-default\">SP05\u2122 Mesh Foam is constructed entirely of plastic making it the ideal choice for use with a variety of chemical products. Mesh Foam provides a foaming effect with each press. Also available in SP05\u2122 \u2013 standard design, SP05\u2122 PCR \u2013 in recycled plastic and SP05\u2122 PC USD \u2013 with 360 function.<\/p>\t\t<\/div>\n\t\t\t\t<\/div>\n\t\t\t\t<div class=\"elementor-element elementor-element-298b9da9 elementor-widget elementor-widget-spacer\" data-id=\"298b9da9\" data-element_type=\"widget\" data-widget_type=\"spacer.default\">\n\t\t\t\t<div class=\"elementor-widget-container\">\n\t\t\t\t\t<div class=\"elementor-spacer\">\n\t\t\t<div class=\"elementor-spacer-inner\"><\/div>\n\t\t<\/div>\n\t\t\t\t<\/div>\n\t\t\t\t<\/div>\n\t\t\t\t<div class=\"elementor-element elementor-element-bdc2937 elementor-widget__width-auto elementor-widget elementor-widget-button\" data-id=\"bdc2937\" data-element_type=\"widget\" data-widget_type=\"button.default\">\n\t\t\t\t<div class=\"elementor-widget-container\">\n\t\t\t\t\t<div class=\"elementor-button-wrapper\">\n\t\t\t<a href=\"https:\/\/spripac.com\/en\/kontakt\/\" class=\"elementor-button-link elementor-button elementor-size-sm\" role=\"button\">\n\t\t\t\t\t\t<span class=\"elementor-button-content-wrapper\">\n\t\t\t\t\t\t<span class=\"elementor-button-text\">Contact<\/span>\n\t\t<\/span>\n\t\t\t\t\t<\/a>\n\t\t<\/div>\n\t\t\t\t<\/div>\n\t\t\t\t<\/div>\n\t\t\t\t<div class=\"elementor-element elementor-element-70c152ed elementor-widget elementor-widget-spacer\" data-id=\"70c152ed\" data-element_type=\"widget\" data-widget_type=\"spacer.default\">\n\t\t\t\t<div class=\"elementor-widget-container\">\n\t\t\t\t\t<div class=\"elementor-spacer\">\n\t\t\t<div class=\"elementor-spacer-inner\"><\/div>\n\t\t<\/div>\n\t\t\t\t<\/div>\n\t\t\t\t<\/div>\n\t\t\t\t<div class=\"elementor-element elementor-element-e83379e elementor-widget elementor-widget-heading\" data-id=\"e83379e\" data-element_type=\"widget\" data-widget_type=\"heading.default\">\n\t\t\t\t<div class=\"elementor-widget-container\">\n\t\t\t<span class=\"elementor-heading-title elementor-size-default\"><b>Quantity per carton:<\/b> 370 pcs<br>\n<b>Quantity per EUR pallet: <\/b> 8880 pcs<br>\n<b>Thread: <\/b> 28-410 <br>\n<b>Pipe length: <\/b> 235mm, 210mm <br>\n<b>Spreader Pattern: <\/b> Foam <br>\n<b>Standard colors: <\/b> white 235 mm, black 210 mm <br>\n<b>MOQ for other specifications:<\/b> 53,280 pcs\n<\/span>\t\t<\/div>\n\t\t\t\t<\/div>\n\t\t\t\t\t\t<\/div>\n\t\t\t\t\t<\/div>\n\t\t<\/div>\n\t\t\t\t\t\t\t\t<\/div>\n\t\t\t\t\t<\/div>\n\t\t<\/section>\n\t\t\t\t\t\t<\/div>\n\t\t\t\t\t<\/div>\n\t\t<\/div>\n\t\t\t\t\t\t\t\t<\/div>\n\t\t\t\t\t<\/div>\n\t\t<\/section>\n\t\t\t\t<section class=\"elementor-section elementor-top-section elementor-element elementor-element-2ab0403c elementor-section-boxed elementor-section-height-default elementor-section-height-default\" data-id=\"2ab0403c\" data-element_type=\"section\" data-settings=\"{&quot;background_background&quot;:&quot;classic&quot;,&quot;jet_parallax_layout_list&quot;:[]}\">\n\t\t\t\t\t\t<div class=\"elementor-container elementor-column-gap-default\">\n\t\t\t\t\t\t\t<div class=\"elementor-row\">\n\t\t\t\t\t<div class=\"elementor-column elementor-col-50 elementor-top-column elementor-element elementor-element-4cd4ac40\" data-id=\"4cd4ac40\" data-element_type=\"column\">\n\t\t\t<div class=\"elementor-column-wrap elementor-element-populated\">\n\t\t\t\t\t\t\t<div class=\"elementor-widget-wrap\">\n\t\t\t\t\t\t<div class=\"elementor-element elementor-element-624481dc elementor-view-default elementor-vertical-align-top elementor-widget elementor-widget-icon-box\" data-id=\"624481dc\" data-element_type=\"widget\" data-widget_type=\"icon-box.default\">\n\t\t\t\t<div class=\"elementor-widget-container\">\n\t\t\t\t\t<div class=\"elementor-icon-box-wrapper\">\n\t\t\t\t\t\t<div class=\"elementor-icon-box-content\">\n\t\t\t\t<h3 class=\"elementor-icon-box-title\">\n\t\t\t\t\t<span  >\n\t\t\t\t\t\tSP05\u2122\t\t\t\t\t<\/span>\n\t\t\t\t<\/h3>\n\t\t\t\t\t\t\t\t\t<p class=\"elementor-icon-box-description\">\n\t\t\t\t\t\tConstruction entirely in plastic<br>\nHigh chemical compatibility<br>\nErgonomic and user-friendly<br>\nAesthetically pleasing design<br>\nLower weight than similar products and <br>competitors<br>\nPossibility to make childproof<br>\nAbility to spray in 360 degrees with SP05\u2122 USD <br>\n\nImproved design with greater amount of liquid per pressure.\t\t\t\t\t<\/p>\n\t\t\t\t\t\t\t<\/div>\n\t\t<\/div>\n\t\t\t\t<\/div>\n\t\t\t\t<\/div>\n\t\t\t\t<div class=\"elementor-element elementor-element-ac760db elementor-view-default elementor-vertical-align-top elementor-widget elementor-widget-icon-box\" data-id=\"ac760db\" data-element_type=\"widget\" data-widget_type=\"icon-box.default\">\n\t\t\t\t<div class=\"elementor-widget-container\">\n\t\t\t\t\t<div class=\"elementor-icon-box-wrapper\">\n\t\t\t\t\t\t<div class=\"elementor-icon-box-content\">\n\t\t\t\t<h3 class=\"elementor-icon-box-title\">\n\t\t\t\t\t<span  >\n\t\t\t\t\t\tThe garden\t\t\t\t\t<\/span>\n\t\t\t\t<\/h3>\n\t\t\t\t\t\t\t\t\t<p class=\"elementor-icon-box-description\">\n\t\t\t\t\t\tInsecticide <br>\nHerbicide <br>\n\t\t\t\t\t<\/p>\n\t\t\t\t\t\t\t<\/div>\n\t\t<\/div>\n\t\t\t\t<\/div>\n\t\t\t\t<\/div>\n\t\t\t\t<div class=\"elementor-element elementor-element-96d45a3 elementor-view-default elementor-vertical-align-top elementor-widget elementor-widget-icon-box\" data-id=\"96d45a3\" data-element_type=\"widget\" data-widget_type=\"icon-box.default\">\n\t\t\t\t<div class=\"elementor-widget-container\">\n\t\t\t\t\t<div class=\"elementor-icon-box-wrapper\">\n\t\t\t\t\t\t<div class=\"elementor-icon-box-content\">\n\t\t\t\t<h3 class=\"elementor-icon-box-title\">\n\t\t\t\t\t<span  >\n\t\t\t\t\t\tThe car\t\t\t\t\t<\/span>\n\t\t\t\t<\/h3>\n\t\t\t\t\t\t\t\t\t<p class=\"elementor-icon-box-description\">\n\t\t\t\t\t\tCar wash <br>\nTire washing <br>\nCaravan wash\t\t\t\t\t<\/p>\n\t\t\t\t\t\t\t<\/div>\n\t\t<\/div>\n\t\t\t\t<\/div>\n\t\t\t\t<\/div>\n\t\t\t\t\t\t<\/div>\n\t\t\t\t\t<\/div>\n\t\t<\/div>\n\t\t\t\t<div class=\"elementor-column elementor-col-50 elementor-top-column elementor-element elementor-element-b144991\" data-id=\"b144991\" data-element_type=\"column\">\n\t\t\t<div class=\"elementor-column-wrap elementor-element-populated\">\n\t\t\t\t\t\t\t<div class=\"elementor-widget-wrap\">\n\t\t\t\t\t\t<div class=\"elementor-element elementor-element-732af8b8 elementor-view-default elementor-vertical-align-top elementor-widget elementor-widget-icon-box\" data-id=\"732af8b8\" data-element_type=\"widget\" data-widget_type=\"icon-box.default\">\n\t\t\t\t<div class=\"elementor-widget-container\">\n\t\t\t\t\t<div class=\"elementor-icon-box-wrapper\">\n\t\t\t\t\t\t<div class=\"elementor-icon-box-content\">\n\t\t\t\t<h3 class=\"elementor-icon-box-title\">\n\t\t\t\t\t<span  >\n\t\t\t\t\t\tAreas of use\t\t\t\t\t<\/span>\n\t\t\t\t<\/h3>\n\t\t\t\t\t\t\t\t\t<p class=\"elementor-icon-box-description\">\n\t\t\t\t\t\tSP05\u2122 Mesh Foam offers valuable benefits to the user in the following areas: \t\t\t\t\t<\/p>\n\t\t\t\t\t\t\t<\/div>\n\t\t<\/div>\n\t\t\t\t<\/div>\n\t\t\t\t<\/div>\n\t\t\t\t<div class=\"elementor-element elementor-element-67be734 elementor-view-default elementor-vertical-align-top elementor-widget elementor-widget-icon-box\" data-id=\"67be734\" data-element_type=\"widget\" data-widget_type=\"icon-box.default\">\n\t\t\t\t<div class=\"elementor-widget-container\">\n\t\t\t\t\t<div class=\"elementor-icon-box-wrapper\">\n\t\t\t\t\t\t<div class=\"elementor-icon-box-content\">\n\t\t\t\t<h3 class=\"elementor-icon-box-title\">\n\t\t\t\t\t<span  >\n\t\t\t\t\t\tThe home\t\t\t\t\t<\/span>\n\t\t\t\t<\/h3>\n\t\t\t\t\t\t\t\t\t<p class=\"elementor-icon-box-description\">\n\t\t\t\t\t\tWindow cleaning <br>\nCarpet cleaning <br>\nOutdoor furniture washing\t\t\t\t\t<\/p>\n\t\t\t\t\t\t\t<\/div>\n\t\t<\/div>\n\t\t\t\t<\/div>\n\t\t\t\t<\/div>\n\t\t\t\t<div class=\"elementor-element elementor-element-15193b8 elementor-view-default elementor-vertical-align-top elementor-widget elementor-widget-icon-box\" data-id=\"15193b8\" data-element_type=\"widget\" data-widget_type=\"icon-box.default\">\n\t\t\t\t<div class=\"elementor-widget-container\">\n\t\t\t\t\t<div class=\"elementor-icon-box-wrapper\">\n\t\t\t\t\t\t<div class=\"elementor-icon-box-content\">\n\t\t\t\t<h3 class=\"elementor-icon-box-title\">\n\t\t\t\t\t<span  >\n\t\t\t\t\t\tThe boat\t\t\t\t\t<\/span>\n\t\t\t\t<\/h3>\n\t\t\t\t\t\t\t\t\t<p class=\"elementor-icon-box-description\">\n\t\t\t\t\t\tBoat cleaning <br>\nBoat wax and polishing\t\t\t\t\t<\/p>\n\t\t\t\t\t\t\t<\/div>\n\t\t<\/div>\n\t\t\t\t<\/div>\n\t\t\t\t<\/div>\n\t\t\t\t\t\t<\/div>\n\t\t\t\t\t<\/div>\n\t\t<\/div>\n\t\t\t\t\t\t\t\t<\/div>\n\t\t\t\t\t<\/div>\n\t\t<\/section>\n\t\t\t\t\t\t\t\t\t<\/div>\n\t\t\t<\/div>\n\t\t\t\t\t<\/div>","protected":false},"excerpt":{"rendered":"<p>SP05\u2122 Mesh Foam SP05\u2122 Mesh Foam \u00e4r konstruerad helt i plast vilket g\u00f6r den till idealiskt val f\u00f6r anv\u00e4ndning med en rad olika kemiska produkter. Mesh Foam ger en skummande effekt vid varje avtryckning. Finns \u00e4ven i SP05\u2122 \u2013 standardutf\u00f6rande, SP05\u2122 PCR \u2013 i \u00e5tervunnen plast och SP05\u2122 PC USD \u2013 med 360-funktion. Kontakt Antal [&hellip;]<\/p>\n","protected":false},"author":1,"featured_media":0,"parent":0,"menu_order":0,"comment_status":"closed","ping_status":"closed","template":"elementor_header_footer","meta":[],"yoast_head":"<!-- This site is optimized with the Yoast SEO plugin v20.9 - https:\/\/yoast.com\/wordpress\/plugins\/seo\/ -->\n<title>SP05\u2122 PC - Trigger Sprayers | Spripac<\/title>\n<meta name=\"description\" content=\"SP05\u2122 Pre-Compression \u00e4r konstruerad helt i plast vilket g\u00f6r den till idealiskt val f\u00f6r anv\u00e4ndning med en rad olika kemiska produkter.\" \/>\n<meta name=\"robots\" content=\"index, follow, max-snippet:-1, max-image-preview:large, max-video-preview:-1\" \/>\n<link rel=\"canonical\" href=\"https:\/\/spripac.com\/en\/sp05-mesh-foam\/\" \/>\n<meta property=\"og:locale\" content=\"en_GB\" \/>\n<meta property=\"og:type\" content=\"article\" \/>\n<meta property=\"og:title\" content=\"SP05\u2122 PC - Trigger Sprayers | Spripac\" \/>\n<meta property=\"og:description\" content=\"SP05\u2122 Pre-Compression \u00e4r konstruerad helt i plast vilket g\u00f6r den till idealiskt val f\u00f6r anv\u00e4ndning med en rad olika kemiska produkter.\" \/>\n<meta property=\"og:url\" content=\"https:\/\/spripac.com\/en\/sp05-mesh-foam\/\" \/>\n<meta property=\"og:site_name\" content=\"Spripac\" \/>\n<meta property=\"article:modified_time\" content=\"2023-11-21T10:09:20+00:00\" \/>\n<meta property=\"og:image\" content=\"https:\/\/spripac.com\/wp-content\/uploads\/2023\/11\/SP05-Foam.png\" \/>\n<meta name=\"twitter:card\" content=\"summary_large_image\" \/>\n<meta name=\"twitter:label1\" content=\"Estimated reading time\" \/>\n\t<meta name=\"twitter:data1\" content=\"1 minute\" \/>\n<script type=\"application\/ld+json\" class=\"yoast-schema-graph\">{\"@context\":\"https:\/\/schema.org\",\"@graph\":[{\"@type\":\"WebPage\",\"@id\":\"https:\/\/spripac.com\/sp05-mesh-foam\/\",\"url\":\"https:\/\/spripac.com\/sp05-mesh-foam\/\",\"name\":\"SP05\u2122 PC - Trigger Sprayers | Spripac\",\"isPartOf\":{\"@id\":\"https:\/\/spripac.com\/#website\"},\"datePublished\":\"2023-11-21T09:59:56+00:00\",\"dateModified\":\"2023-11-21T10:09:20+00:00\",\"description\":\"SP05\u2122 Pre-Compression \u00e4r konstruerad helt i plast vilket g\u00f6r den till idealiskt val f\u00f6r anv\u00e4ndning med en rad olika kemiska produkter.\",\"breadcrumb\":{\"@id\":\"https:\/\/spripac.com\/sp05-mesh-foam\/#breadcrumb\"},\"inLanguage\":\"en-GB\",\"potentialAction\":[{\"@type\":\"ReadAction\",\"target\":[\"https:\/\/spripac.com\/sp05-mesh-foam\/\"]}]},{\"@type\":\"BreadcrumbList\",\"@id\":\"https:\/\/spripac.com\/sp05-mesh-foam\/#breadcrumb\",\"itemListElement\":[{\"@type\":\"ListItem\",\"position\":1,\"name\":\"Hem\",\"item\":\"https:\/\/spripac.com\/\"},{\"@type\":\"ListItem\",\"position\":2,\"name\":\"SP05 Mesh Foam\"}]},{\"@type\":\"WebSite\",\"@id\":\"https:\/\/spripac.com\/#website\",\"url\":\"https:\/\/spripac.com\/\",\"name\":\"Spripac\",\"description\":\"\",\"publisher\":{\"@id\":\"https:\/\/spripac.com\/#organization\"},\"potentialAction\":[{\"@type\":\"SearchAction\",\"target\":{\"@type\":\"EntryPoint\",\"urlTemplate\":\"https:\/\/spripac.com\/?s={search_term_string}\"},\"query-input\":\"required name=search_term_string\"}],\"inLanguage\":\"en-GB\"},{\"@type\":\"Organization\",\"@id\":\"https:\/\/spripac.com\/#organization\",\"name\":\"SpriPac\",\"url\":\"https:\/\/spripac.com\/\",\"logo\":{\"@type\":\"ImageObject\",\"inLanguage\":\"en-GB\",\"@id\":\"https:\/\/spripac.com\/#\/schema\/logo\/image\/\",\"url\":\"https:\/\/spripac.com\/wp-content\/uploads\/2020\/12\/spripac-orginal.png\",\"contentUrl\":\"https:\/\/spripac.com\/wp-content\/uploads\/2020\/12\/spripac-orginal.png\",\"width\":902,\"height\":253,\"caption\":\"SpriPac\"},\"image\":{\"@id\":\"https:\/\/spripac.com\/#\/schema\/logo\/image\/\"}}]}<\/script>\n<!-- \/ Yoast SEO plugin. -->","yoast_head_json":{"title":"SP05\u2122 PC - Trigger Sprayers | Spripac","description":"SP05\u2122 Pre-Compression \u00e4r konstruerad helt i plast vilket g\u00f6r den till idealiskt val f\u00f6r anv\u00e4ndning med en rad olika kemiska produkter.","robots":{"index":"index","follow":"follow","max-snippet":"max-snippet:-1","max-image-preview":"max-image-preview:large","max-video-preview":"max-video-preview:-1"},"canonical":"https:\/\/spripac.com\/en\/sp05-mesh-foam\/","og_locale":"en_GB","og_type":"article","og_title":"SP05\u2122 PC - Trigger Sprayers | Spripac","og_description":"SP05\u2122 Pre-Compression \u00e4r konstruerad helt i plast vilket g\u00f6r den till idealiskt val f\u00f6r anv\u00e4ndning med en rad olika kemiska produkter.","og_url":"https:\/\/spripac.com\/en\/sp05-mesh-foam\/","og_site_name":"Spripac","article_modified_time":"2023-11-21T10:09:20+00:00","og_image":[{"url":"https:\/\/spripac.com\/wp-content\/uploads\/2023\/11\/SP05-Foam.png"}],"twitter_card":"summary_large_image","twitter_misc":{"Estimated reading time":"1 minute"},"schema":{"@context":"https:\/\/schema.org","@graph":[{"@type":"WebPage","@id":"https:\/\/spripac.com\/sp05-mesh-foam\/","url":"https:\/\/spripac.com\/sp05-mesh-foam\/","name":"SP05\u2122 PC - Trigger Sprayers | Spripac","isPartOf":{"@id":"https:\/\/spripac.com\/#website"},"datePublished":"2023-11-21T09:59:56+00:00","dateModified":"2023-11-21T10:09:20+00:00","description":"SP05\u2122 Pre-Compression \u00e4r konstruerad helt i plast vilket g\u00f6r den till idealiskt val f\u00f6r anv\u00e4ndning med en rad olika kemiska produkter.","breadcrumb":{"@id":"https:\/\/spripac.com\/sp05-mesh-foam\/#breadcrumb"},"inLanguage":"en-GB","potentialAction":[{"@type":"ReadAction","target":["https:\/\/spripac.com\/sp05-mesh-foam\/"]}]},{"@type":"BreadcrumbList","@id":"https:\/\/spripac.com\/sp05-mesh-foam\/#breadcrumb","itemListElement":[{"@type":"ListItem","position":1,"name":"Hem","item":"https:\/\/spripac.com\/"},{"@type":"ListItem","position":2,"name":"SP05 Mesh Foam"}]},{"@type":"WebSite","@id":"https:\/\/spripac.com\/#website","url":"https:\/\/spripac.com\/","name":"Spripac","description":"","publisher":{"@id":"https:\/\/spripac.com\/#organization"},"potentialAction":[{"@type":"SearchAction","target":{"@type":"EntryPoint","urlTemplate":"https:\/\/spripac.com\/?s={search_term_string}"},"query-input":"required name=search_term_string"}],"inLanguage":"en-GB"},{"@type":"Organization","@id":"https:\/\/spripac.com\/#organization","name":"SpriPac","url":"https:\/\/spripac.com\/","logo":{"@type":"ImageObject","inLanguage":"en-GB","@id":"https:\/\/spripac.com\/#\/schema\/logo\/image\/","url":"https:\/\/spripac.com\/wp-content\/uploads\/2020\/12\/spripac-orginal.png","contentUrl":"https:\/\/spripac.com\/wp-content\/uploads\/2020\/12\/spripac-orginal.png","width":902,"height":253,"caption":"SpriPac"},"image":{"@id":"https:\/\/spripac.com\/#\/schema\/logo\/image\/"}}]}},"_links":{"self":[{"href":"https:\/\/spripac.com\/en\/wp-json\/wp\/v2\/pages\/1749"}],"collection":[{"href":"https:\/\/spripac.com\/en\/wp-json\/wp\/v2\/pages"}],"about":[{"href":"https:\/\/spripac.com\/en\/wp-json\/wp\/v2\/types\/page"}],"author":[{"embeddable":true,"href":"https:\/\/spripac.com\/en\/wp-json\/wp\/v2\/users\/1"}],"replies":[{"embeddable":true,"href":"https:\/\/spripac.com\/en\/wp-json\/wp\/v2\/comments?post=1749"}],"version-history":[{"count":10,"href":"https:\/\/spripac.com\/en\/wp-json\/wp\/v2\/pages\/1749\/revisions"}],"predecessor-version":[{"id":1768,"href":"https:\/\/spripac.com\/en\/wp-json\/wp\/v2\/pages\/1749\/revisions\/1768"}],"wp:attachment":[{"href":"https:\/\/spripac.com\/en\/wp-json\/wp\/v2\/media?parent=1749"}],"curies":[{"name":"wp","href":"https:\/\/api.w.org\/{rel}","templated":true}]}}