{"id":338,"date":"2020-12-09T23:10:51","date_gmt":"2020-12-09T22:10:51","guid":{"rendered":"https:\/\/spripac.com\/?page_id=338"},"modified":"2021-05-10T13:32:41","modified_gmt":"2021-05-10T11:32:41","slug":"mixor-mp","status":"publish","type":"page","link":"https:\/\/spripac.com\/en\/mixor-mp\/","title":{"rendered":"Mixer mp"},"content":{"rendered":"<div data-elementor-type=\"wp-page\" data-elementor-id=\"338\" class=\"elementor elementor-338\">\n\t\t\t\t\t\t<div class=\"elementor-inner\">\n\t\t\t\t<div class=\"elementor-section-wrap\">\n\t\t\t\t\t\t\t\t\t<section class=\"elementor-section elementor-top-section elementor-element elementor-element-397a3c4b elementor-section-height-min-height elementor-section-boxed elementor-section-height-default elementor-section-items-middle\" data-id=\"397a3c4b\" data-element_type=\"section\" data-settings=\"{&quot;background_background&quot;:&quot;classic&quot;,&quot;jet_parallax_layout_list&quot;:[]}\">\n\t\t\t\t\t\t\t<div class=\"elementor-background-overlay\"><\/div>\n\t\t\t\t\t\t\t<div class=\"elementor-container elementor-column-gap-default\">\n\t\t\t\t\t\t\t<div class=\"elementor-row\">\n\t\t\t\t\t<div class=\"elementor-column elementor-col-100 elementor-top-column elementor-element elementor-element-730cbb82\" data-id=\"730cbb82\" data-element_type=\"column\">\n\t\t\t<div class=\"elementor-column-wrap elementor-element-populated\">\n\t\t\t\t\t\t\t<div class=\"elementor-widget-wrap\">\n\t\t\t\t\t\t<section class=\"elementor-section elementor-inner-section elementor-element elementor-element-73a64fa9 elementor-section-boxed elementor-section-height-default elementor-section-height-default\" data-id=\"73a64fa9\" data-element_type=\"section\" data-settings=\"{&quot;jet_parallax_layout_list&quot;:[]}\">\n\t\t\t\t\t\t<div class=\"elementor-container elementor-column-gap-no\">\n\t\t\t\t\t\t\t<div class=\"elementor-row\">\n\t\t\t\t\t<div class=\"elementor-column elementor-col-50 elementor-inner-column elementor-element elementor-element-426e6176\" data-id=\"426e6176\" data-element_type=\"column\">\n\t\t\t<div class=\"elementor-column-wrap elementor-element-populated\">\n\t\t\t\t\t\t\t<div class=\"elementor-widget-wrap\">\n\t\t\t\t\t\t<div class=\"elementor-element elementor-element-126c41d elementor-widget elementor-widget-image\" data-id=\"126c41d\" data-element_type=\"widget\" data-widget_type=\"image.default\">\n\t\t\t\t<div class=\"elementor-widget-container\">\n\t\t\t\t\t\t\t\t<div class=\"elementor-image\">\n\t\t\t\t\t\t\t\t\t\t\t\t<img decoding=\"async\" width=\"800\" height=\"807\" src=\"https:\/\/spripac.com\/wp-content\/uploads\/2020\/10\/800x800-Mixor-MP-ISO-8317-2.png\" class=\"attachment-large size-large wp-image-42\" alt=\"\" loading=\"lazy\" srcset=\"https:\/\/spripac.com\/wp-content\/uploads\/2020\/10\/800x800-Mixor-MP-ISO-8317-2.png 800w, https:\/\/spripac.com\/wp-content\/uploads\/2020\/10\/800x800-Mixor-MP-ISO-8317-2-297x300.png 297w, https:\/\/spripac.com\/wp-content\/uploads\/2020\/10\/800x800-Mixor-MP-ISO-8317-2-150x150.png 150w, https:\/\/spripac.com\/wp-content\/uploads\/2020\/10\/800x800-Mixor-MP-ISO-8317-2-768x775.png 768w\" sizes=\"(max-width: 800px) 100vw, 800px\" \/>\t\t\t\t\t\t\t\t\t\t\t\t\t\t<\/div>\n\t\t\t\t\t\t<\/div>\n\t\t\t\t<\/div>\n\t\t\t\t\t\t<\/div>\n\t\t\t\t\t<\/div>\n\t\t<\/div>\n\t\t\t\t<div class=\"elementor-column elementor-col-50 elementor-inner-column elementor-element elementor-element-2224b417\" data-id=\"2224b417\" data-element_type=\"column\">\n\t\t\t<div class=\"elementor-column-wrap elementor-element-populated\">\n\t\t\t\t\t\t\t<div class=\"elementor-widget-wrap\">\n\t\t\t\t\t\t<div class=\"elementor-element elementor-element-5c42569c elementor-widget elementor-widget-heading\" data-id=\"5c42569c\" data-element_type=\"widget\" data-widget_type=\"heading.default\">\n\t\t\t\t<div class=\"elementor-widget-container\">\n\t\t\t<h2 class=\"elementor-heading-title elementor-size-default\">Mixer\u00ae MP<\/h2>\t\t<\/div>\n\t\t\t\t<\/div>\n\t\t\t\t<div class=\"elementor-element elementor-element-6035035c elementor-widget elementor-widget-heading\" data-id=\"6035035c\" data-element_type=\"widget\" data-widget_type=\"heading.default\">\n\t\t\t\t<div class=\"elementor-widget-container\">\n\t\t\t<h2 class=\"elementor-heading-title elementor-size-default\">ISO-8317 certified<\/h2>\t\t<\/div>\n\t\t\t\t<\/div>\n\t\t\t\t<div class=\"elementor-element elementor-element-37b259ad elementor-widget elementor-widget-spacer\" data-id=\"37b259ad\" data-element_type=\"widget\" data-widget_type=\"spacer.default\">\n\t\t\t\t<div class=\"elementor-widget-container\">\n\t\t\t\t\t<div class=\"elementor-spacer\">\n\t\t\t<div class=\"elementor-spacer-inner\"><\/div>\n\t\t<\/div>\n\t\t\t\t<\/div>\n\t\t\t\t<\/div>\n\t\t\t\t<div class=\"elementor-element elementor-element-660d0241 elementor-widget elementor-widget-heading\" data-id=\"660d0241\" data-element_type=\"widget\" data-widget_type=\"heading.default\">\n\t\t\t\t<div class=\"elementor-widget-container\">\n\t\t\t<p class=\"elementor-heading-title elementor-size-default\">Mixor\u00ae MP is a powerful trigger that handles even the most aggressive chemicals thanks to its high chemical compatibility. Mixor\u00ae MP adds unique value to product safety &amp; quality through a lock button on the trigger in combination with a neck lock on our approved and selected bottles.\n<\/p>\t\t<\/div>\n\t\t\t\t<\/div>\n\t\t\t\t<div class=\"elementor-element elementor-element-6af62cf7 elementor-widget elementor-widget-spacer\" data-id=\"6af62cf7\" data-element_type=\"widget\" data-widget_type=\"spacer.default\">\n\t\t\t\t<div class=\"elementor-widget-container\">\n\t\t\t\t\t<div class=\"elementor-spacer\">\n\t\t\t<div class=\"elementor-spacer-inner\"><\/div>\n\t\t<\/div>\n\t\t\t\t<\/div>\n\t\t\t\t<\/div>\n\t\t\t\t<div class=\"elementor-element elementor-element-6ec9d92 elementor-widget__width-auto elementor-widget elementor-widget-button\" data-id=\"6ec9d92\" data-element_type=\"widget\" data-widget_type=\"button.default\">\n\t\t\t\t<div class=\"elementor-widget-container\">\n\t\t\t\t\t<div class=\"elementor-button-wrapper\">\n\t\t\t<a href=\"https:\/\/spripac.com\/en\/kontakt\/\" class=\"elementor-button-link elementor-button elementor-size-sm\" role=\"button\">\n\t\t\t\t\t\t<span class=\"elementor-button-content-wrapper\">\n\t\t\t\t\t\t<span class=\"elementor-button-text\">Contact<\/span>\n\t\t<\/span>\n\t\t\t\t\t<\/a>\n\t\t<\/div>\n\t\t\t\t<\/div>\n\t\t\t\t<\/div>\n\t\t\t\t<div class=\"elementor-element elementor-element-56b25f0b elementor-widget__width-auto elementor-widget elementor-widget-button\" data-id=\"56b25f0b\" data-element_type=\"widget\" data-widget_type=\"button.default\">\n\t\t\t\t<div class=\"elementor-widget-container\">\n\t\t\t\t\t<div class=\"elementor-button-wrapper\">\n\t\t\t<a href=\"#elementor-action%3Aaction%3Dpopup%3Aopen%26settings%3DeyJpZCI6IjU5MiIsInRvZ2dsZSI6ZmFsc2V9\" class=\"elementor-button-link elementor-button elementor-size-sm\" role=\"button\">\n\t\t\t\t\t\t<span class=\"elementor-button-content-wrapper\">\n\t\t\t\t\t\t<span class=\"elementor-button-text\">Certified bottles<\/span>\n\t\t<\/span>\n\t\t\t\t\t<\/a>\n\t\t<\/div>\n\t\t\t\t<\/div>\n\t\t\t\t<\/div>\n\t\t\t\t<div class=\"elementor-element elementor-element-61334364 elementor-widget elementor-widget-spacer\" data-id=\"61334364\" data-element_type=\"widget\" data-widget_type=\"spacer.default\">\n\t\t\t\t<div class=\"elementor-widget-container\">\n\t\t\t\t\t<div class=\"elementor-spacer\">\n\t\t\t<div class=\"elementor-spacer-inner\"><\/div>\n\t\t<\/div>\n\t\t\t\t<\/div>\n\t\t\t\t<\/div>\n\t\t\t\t<div class=\"elementor-element elementor-element-2007e441 elementor-widget elementor-widget-heading\" data-id=\"2007e441\" data-element_type=\"widget\" data-widget_type=\"heading.default\">\n\t\t\t\t<div class=\"elementor-widget-container\">\n\t\t\t<span class=\"elementor-heading-title elementor-size-default\"><b>Quantity per carton:<\/b> 370 pcs<br>\n<b>Quantity per EUR pallet: <\/b>9250 pcs<br>\n<b>Thread: <\/b> 28-400 <br>\n<b>Pipe length: <\/b> 253 mm <br>\n<b>Spreader Pattern: <\/b> spray <br>\n<b>Standard colors: <\/b> black, white <br>\n<b>MOQ for other specifications:<\/b> 55,500 pcs\n<\/span>\t\t<\/div>\n\t\t\t\t<\/div>\n\t\t\t\t\t\t<\/div>\n\t\t\t\t\t<\/div>\n\t\t<\/div>\n\t\t\t\t\t\t\t\t<\/div>\n\t\t\t\t\t<\/div>\n\t\t<\/section>\n\t\t\t\t\t\t<\/div>\n\t\t\t\t\t<\/div>\n\t\t<\/div>\n\t\t\t\t\t\t\t\t<\/div>\n\t\t\t\t\t<\/div>\n\t\t<\/section>\n\t\t\t\t<section class=\"elementor-section elementor-top-section elementor-element elementor-element-2531fe6f elementor-section-boxed elementor-section-height-default elementor-section-height-default\" data-id=\"2531fe6f\" data-element_type=\"section\" data-settings=\"{&quot;background_background&quot;:&quot;classic&quot;,&quot;jet_parallax_layout_list&quot;:[]}\">\n\t\t\t\t\t\t<div class=\"elementor-container elementor-column-gap-default\">\n\t\t\t\t\t\t\t<div class=\"elementor-row\">\n\t\t\t\t\t<div class=\"elementor-column elementor-col-50 elementor-top-column elementor-element elementor-element-c0ae8c6\" data-id=\"c0ae8c6\" data-element_type=\"column\">\n\t\t\t<div class=\"elementor-column-wrap elementor-element-populated\">\n\t\t\t\t\t\t\t<div class=\"elementor-widget-wrap\">\n\t\t\t\t\t\t<div class=\"elementor-element elementor-element-387d91e8 elementor-view-default elementor-vertical-align-top elementor-widget elementor-widget-icon-box\" data-id=\"387d91e8\" data-element_type=\"widget\" data-widget_type=\"icon-box.default\">\n\t\t\t\t<div class=\"elementor-widget-container\">\n\t\t\t\t\t<div class=\"elementor-icon-box-wrapper\">\n\t\t\t\t\t\t<div class=\"elementor-icon-box-content\">\n\t\t\t\t<h3 class=\"elementor-icon-box-title\">\n\t\t\t\t\t<span  >\n\t\t\t\t\t\tMixer\u00ae MP\t\t\t\t\t<\/span>\n\t\t\t\t<\/h3>\n\t\t\t\t\t\t\t\t\t<p class=\"elementor-icon-box-description\">\n\t\t\t\t\t\tHigh output performance: 1.0 or 1.3 ml per print\n<br>High chemical compatibility<br>\nPatented &quot;Mixor\u00ae engine&quot;<br>\nErgonomic and user-friendly<br>\nReliable ventilation system \n<br>ISO-8317-certified comprehensive solutions\t\t\t\t\t<\/p>\n\t\t\t\t\t\t\t<\/div>\n\t\t<\/div>\n\t\t\t\t<\/div>\n\t\t\t\t<\/div>\n\t\t\t\t\t\t<\/div>\n\t\t\t\t\t<\/div>\n\t\t<\/div>\n\t\t\t\t<div class=\"elementor-column elementor-col-50 elementor-top-column elementor-element elementor-element-2f9c6941\" data-id=\"2f9c6941\" data-element_type=\"column\">\n\t\t\t<div class=\"elementor-column-wrap elementor-element-populated\">\n\t\t\t\t\t\t\t<div class=\"elementor-widget-wrap\">\n\t\t\t\t\t\t<div class=\"elementor-element elementor-element-027aeb7 elementor-widget elementor-widget-video\" data-id=\"027aeb7\" data-element_type=\"widget\" data-settings=\"{&quot;youtube_url&quot;:&quot;https:\\\/\\\/youtu.be\\\/t_wuRrPnmwM&quot;,&quot;video_type&quot;:&quot;youtube&quot;,&quot;controls&quot;:&quot;yes&quot;}\" data-widget_type=\"video.default\">\n\t\t\t\t<div class=\"elementor-widget-container\">\n\t\t\t\t\t<div class=\"elementor-wrapper elementor-open-inline\">\n\t\t\t<div class=\"elementor-video\"><\/div>\t\t<\/div>\n\t\t\t\t<\/div>\n\t\t\t\t<\/div>\n\t\t\t\t\t\t<\/div>\n\t\t\t\t\t<\/div>\n\t\t<\/div>\n\t\t\t\t\t\t\t\t<\/div>\n\t\t\t\t\t<\/div>\n\t\t<\/section>\n\t\t\t\t<section class=\"elementor-section elementor-top-section elementor-element elementor-element-bdb1c7f elementor-section-boxed elementor-section-height-default elementor-section-height-default\" data-id=\"bdb1c7f\" data-element_type=\"section\" data-settings=\"{&quot;background_background&quot;:&quot;classic&quot;,&quot;jet_parallax_layout_list&quot;:[]}\">\n\t\t\t\t\t\t<div class=\"elementor-container elementor-column-gap-default\">\n\t\t\t\t\t\t\t<div class=\"elementor-row\">\n\t\t\t\t\t<div class=\"elementor-column elementor-col-50 elementor-top-column elementor-element elementor-element-317a39b\" data-id=\"317a39b\" data-element_type=\"column\">\n\t\t\t<div class=\"elementor-column-wrap elementor-element-populated\">\n\t\t\t\t\t\t\t<div class=\"elementor-widget-wrap\">\n\t\t\t\t\t\t<div class=\"elementor-element elementor-element-68ec55c elementor-view-default elementor-vertical-align-top elementor-widget elementor-widget-icon-box\" data-id=\"68ec55c\" data-element_type=\"widget\" data-widget_type=\"icon-box.default\">\n\t\t\t\t<div class=\"elementor-widget-container\">\n\t\t\t\t\t<div class=\"elementor-icon-box-wrapper\">\n\t\t\t\t\t\t<div class=\"elementor-icon-box-content\">\n\t\t\t\t<h3 class=\"elementor-icon-box-title\">\n\t\t\t\t\t<span  >\n\t\t\t\t\t\tAreas of use\t\t\t\t\t<\/span>\n\t\t\t\t<\/h3>\n\t\t\t\t\t\t\t\t\t<p class=\"elementor-icon-box-description\">\n\t\t\t\t\t\tThe Mixor\u00ae MP offers valuable benefits to the user in the following areas:\t\t\t\t\t<\/p>\n\t\t\t\t\t\t\t<\/div>\n\t\t<\/div>\n\t\t\t\t<\/div>\n\t\t\t\t<\/div>\n\t\t\t\t<div class=\"elementor-element elementor-element-a2379bd elementor-view-default elementor-vertical-align-top elementor-widget elementor-widget-icon-box\" data-id=\"a2379bd\" data-element_type=\"widget\" data-widget_type=\"icon-box.default\">\n\t\t\t\t<div class=\"elementor-widget-container\">\n\t\t\t\t\t<div class=\"elementor-icon-box-wrapper\">\n\t\t\t\t\t\t<div class=\"elementor-icon-box-content\">\n\t\t\t\t<h3 class=\"elementor-icon-box-title\">\n\t\t\t\t\t<span  >\n\t\t\t\t\t\tThe home\t\t\t\t\t<\/span>\n\t\t\t\t<\/h3>\n\t\t\t\t\t\t\t\t\t<p class=\"elementor-icon-box-description\">\n\t\t\t\t\t\tWindow cleaning <br>\nCarpet cleaning <br>\nOutdoor furniture washing\t\t\t\t\t<\/p>\n\t\t\t\t\t\t\t<\/div>\n\t\t<\/div>\n\t\t\t\t<\/div>\n\t\t\t\t<\/div>\n\t\t\t\t<div class=\"elementor-element elementor-element-8b8d453 elementor-view-default elementor-vertical-align-top elementor-widget elementor-widget-icon-box\" data-id=\"8b8d453\" data-element_type=\"widget\" data-widget_type=\"icon-box.default\">\n\t\t\t\t<div class=\"elementor-widget-container\">\n\t\t\t\t\t<div class=\"elementor-icon-box-wrapper\">\n\t\t\t\t\t\t<div class=\"elementor-icon-box-content\">\n\t\t\t\t<h3 class=\"elementor-icon-box-title\">\n\t\t\t\t\t<span  >\n\t\t\t\t\t\tThe boat\t\t\t\t\t<\/span>\n\t\t\t\t<\/h3>\n\t\t\t\t\t\t\t\t\t<p class=\"elementor-icon-box-description\">\n\t\t\t\t\t\tBoat cleaning <br>\nBoat wax and polishing\t\t\t\t\t<\/p>\n\t\t\t\t\t\t\t<\/div>\n\t\t<\/div>\n\t\t\t\t<\/div>\n\t\t\t\t<\/div>\n\t\t\t\t\t\t<\/div>\n\t\t\t\t\t<\/div>\n\t\t<\/div>\n\t\t\t\t<div class=\"elementor-column elementor-col-50 elementor-top-column elementor-element elementor-element-69e3fa6\" data-id=\"69e3fa6\" data-element_type=\"column\">\n\t\t\t<div class=\"elementor-column-wrap elementor-element-populated\">\n\t\t\t\t\t\t\t<div class=\"elementor-widget-wrap\">\n\t\t\t\t\t\t<div class=\"elementor-element elementor-element-0bc0ca1 elementor-view-default elementor-vertical-align-top elementor-widget elementor-widget-icon-box\" data-id=\"0bc0ca1\" data-element_type=\"widget\" data-widget_type=\"icon-box.default\">\n\t\t\t\t<div class=\"elementor-widget-container\">\n\t\t\t\t\t<div class=\"elementor-icon-box-wrapper\">\n\t\t\t\t\t\t<div class=\"elementor-icon-box-content\">\n\t\t\t\t<h3 class=\"elementor-icon-box-title\">\n\t\t\t\t\t<span  >\n\t\t\t\t\t\tThe garden\t\t\t\t\t<\/span>\n\t\t\t\t<\/h3>\n\t\t\t\t\t\t\t\t\t<p class=\"elementor-icon-box-description\">\n\t\t\t\t\t\tInsecticide <br>\nHerbicide <br>\nManure <br>\n\t\t\t\t\t<\/p>\n\t\t\t\t\t\t\t<\/div>\n\t\t<\/div>\n\t\t\t\t<\/div>\n\t\t\t\t<\/div>\n\t\t\t\t<div class=\"elementor-element elementor-element-a864018 elementor-view-default elementor-vertical-align-top elementor-widget elementor-widget-icon-box\" data-id=\"a864018\" data-element_type=\"widget\" data-widget_type=\"icon-box.default\">\n\t\t\t\t<div class=\"elementor-widget-container\">\n\t\t\t\t\t<div class=\"elementor-icon-box-wrapper\">\n\t\t\t\t\t\t<div class=\"elementor-icon-box-content\">\n\t\t\t\t<h3 class=\"elementor-icon-box-title\">\n\t\t\t\t\t<span  >\n\t\t\t\t\t\tThe car\t\t\t\t\t<\/span>\n\t\t\t\t<\/h3>\n\t\t\t\t\t\t\t\t\t<p class=\"elementor-icon-box-description\">\n\t\t\t\t\t\tCar wash <br>\nTire washing <br>\nCaravan wash\t\t\t\t\t<\/p>\n\t\t\t\t\t\t\t<\/div>\n\t\t<\/div>\n\t\t\t\t<\/div>\n\t\t\t\t<\/div>\n\t\t\t\t\t\t<\/div>\n\t\t\t\t\t<\/div>\n\t\t<\/div>\n\t\t\t\t\t\t\t\t<\/div>\n\t\t\t\t\t<\/div>\n\t\t<\/section>\n\t\t\t\t\t\t\t\t\t<\/div>\n\t\t\t<\/div>\n\t\t\t\t\t<\/div>","protected":false},"excerpt":{"rendered":"<p>Mixor\u00ae MP ISO-8317-certifierad Mixor\u00ae MP \u00e4r en kraftfull trigger som hanterar \u00e4ven de mest aggressiva kemikalierna tack vare sin h\u00f6ga kemiska kompatibilitet. Mixor\u00ae MP adderar unikt v\u00e4rde till produktens s\u00e4kerhet &amp; kvalitet genom en l\u00e5sknapp p\u00e5 triggern i kombination med ett halsl\u00e5s p\u00e5 v\u00e5ra godk\u00e4nda och utvalda flaskor. Kontakt Certifierade flaskor Antal per kartong: 370 [&hellip;]<\/p>\n","protected":false},"author":1,"featured_media":578,"parent":0,"menu_order":0,"comment_status":"closed","ping_status":"closed","template":"elementor_header_footer","meta":[],"yoast_head":"<!-- This site is optimized with the Yoast SEO plugin v20.9 - https:\/\/yoast.com\/wordpress\/plugins\/seo\/ -->\n<title>Mixor\u00ae MP - Trigger Sprayers | Spripac<\/title>\n<meta name=\"description\" content=\"Mixor\u00ae MP \u00e4r en kraftfull trigger som hanterar \u00e4ven de mest aggressiva kemikalierna tack vare sin h\u00f6ga kemiska kompatibilitet.\" \/>\n<meta name=\"robots\" content=\"index, follow, max-snippet:-1, max-image-preview:large, max-video-preview:-1\" \/>\n<link rel=\"canonical\" href=\"https:\/\/spripac.com\/en\/mixor-mp\/\" \/>\n<meta property=\"og:locale\" content=\"en_GB\" \/>\n<meta property=\"og:type\" content=\"article\" \/>\n<meta property=\"og:title\" content=\"Mixor\u00ae MP - Trigger Sprayers | Spripac\" \/>\n<meta property=\"og:description\" content=\"Mixor\u00ae MP \u00e4r en kraftfull trigger som hanterar \u00e4ven de mest aggressiva kemikalierna tack vare sin h\u00f6ga kemiska kompatibilitet.\" \/>\n<meta property=\"og:url\" content=\"https:\/\/spripac.com\/en\/mixor-mp\/\" \/>\n<meta property=\"og:site_name\" content=\"Spripac\" \/>\n<meta property=\"article:modified_time\" content=\"2021-05-10T11:32:41+00:00\" \/>\n<meta property=\"og:image\" content=\"https:\/\/spripac.com\/wp-content\/uploads\/2020\/12\/800x800-Mixor-MP-ISO-8317.png\" \/>\n\t<meta property=\"og:image:width\" content=\"800\" \/>\n\t<meta property=\"og:image:height\" content=\"807\" \/>\n\t<meta property=\"og:image:type\" content=\"image\/png\" \/>\n<meta name=\"twitter:card\" content=\"summary_large_image\" \/>\n<meta name=\"twitter:label1\" content=\"Estimated reading time\" \/>\n\t<meta name=\"twitter:data1\" content=\"1 minute\" \/>\n<script type=\"application\/ld+json\" class=\"yoast-schema-graph\">{\"@context\":\"https:\/\/schema.org\",\"@graph\":[{\"@type\":\"WebPage\",\"@id\":\"https:\/\/spripac.com\/mixor-mp\/\",\"url\":\"https:\/\/spripac.com\/mixor-mp\/\",\"name\":\"Mixor\u00ae MP - Trigger Sprayers | Spripac\",\"isPartOf\":{\"@id\":\"https:\/\/spripac.com\/#website\"},\"datePublished\":\"2020-12-09T22:10:51+00:00\",\"dateModified\":\"2021-05-10T11:32:41+00:00\",\"description\":\"Mixor\u00ae MP \u00e4r en kraftfull trigger som hanterar \u00e4ven de mest aggressiva kemikalierna tack vare sin h\u00f6ga kemiska kompatibilitet.\",\"breadcrumb\":{\"@id\":\"https:\/\/spripac.com\/mixor-mp\/#breadcrumb\"},\"inLanguage\":\"en-GB\",\"potentialAction\":[{\"@type\":\"ReadAction\",\"target\":[\"https:\/\/spripac.com\/mixor-mp\/\"]}]},{\"@type\":\"BreadcrumbList\",\"@id\":\"https:\/\/spripac.com\/mixor-mp\/#breadcrumb\",\"itemListElement\":[{\"@type\":\"ListItem\",\"position\":1,\"name\":\"Hem\",\"item\":\"https:\/\/spripac.com\/\"},{\"@type\":\"ListItem\",\"position\":2,\"name\":\"Mixor mp\"}]},{\"@type\":\"WebSite\",\"@id\":\"https:\/\/spripac.com\/#website\",\"url\":\"https:\/\/spripac.com\/\",\"name\":\"Spripac\",\"description\":\"\",\"publisher\":{\"@id\":\"https:\/\/spripac.com\/#organization\"},\"potentialAction\":[{\"@type\":\"SearchAction\",\"target\":{\"@type\":\"EntryPoint\",\"urlTemplate\":\"https:\/\/spripac.com\/?s={search_term_string}\"},\"query-input\":\"required name=search_term_string\"}],\"inLanguage\":\"en-GB\"},{\"@type\":\"Organization\",\"@id\":\"https:\/\/spripac.com\/#organization\",\"name\":\"SpriPac\",\"url\":\"https:\/\/spripac.com\/\",\"logo\":{\"@type\":\"ImageObject\",\"inLanguage\":\"en-GB\",\"@id\":\"https:\/\/spripac.com\/#\/schema\/logo\/image\/\",\"url\":\"https:\/\/spripac.com\/wp-content\/uploads\/2020\/12\/spripac-orginal.png\",\"contentUrl\":\"https:\/\/spripac.com\/wp-content\/uploads\/2020\/12\/spripac-orginal.png\",\"width\":902,\"height\":253,\"caption\":\"SpriPac\"},\"image\":{\"@id\":\"https:\/\/spripac.com\/#\/schema\/logo\/image\/\"}}]}<\/script>\n<!-- \/ Yoast SEO plugin. -->","yoast_head_json":{"title":"Mixor\u00ae MP - Trigger Sprayers | Spripac","description":"Mixor\u00ae MP \u00e4r en kraftfull trigger som hanterar \u00e4ven de mest aggressiva kemikalierna tack vare sin h\u00f6ga kemiska kompatibilitet.","robots":{"index":"index","follow":"follow","max-snippet":"max-snippet:-1","max-image-preview":"max-image-preview:large","max-video-preview":"max-video-preview:-1"},"canonical":"https:\/\/spripac.com\/en\/mixor-mp\/","og_locale":"en_GB","og_type":"article","og_title":"Mixor\u00ae MP - Trigger Sprayers | Spripac","og_description":"Mixor\u00ae MP \u00e4r en kraftfull trigger som hanterar \u00e4ven de mest aggressiva kemikalierna tack vare sin h\u00f6ga kemiska kompatibilitet.","og_url":"https:\/\/spripac.com\/en\/mixor-mp\/","og_site_name":"Spripac","article_modified_time":"2021-05-10T11:32:41+00:00","og_image":[{"width":800,"height":807,"url":"https:\/\/spripac.com\/wp-content\/uploads\/2020\/12\/800x800-Mixor-MP-ISO-8317.png","type":"image\/png"}],"twitter_card":"summary_large_image","twitter_misc":{"Estimated reading time":"1 minute"},"schema":{"@context":"https:\/\/schema.org","@graph":[{"@type":"WebPage","@id":"https:\/\/spripac.com\/mixor-mp\/","url":"https:\/\/spripac.com\/mixor-mp\/","name":"Mixor\u00ae MP - Trigger Sprayers | Spripac","isPartOf":{"@id":"https:\/\/spripac.com\/#website"},"datePublished":"2020-12-09T22:10:51+00:00","dateModified":"2021-05-10T11:32:41+00:00","description":"Mixor\u00ae MP \u00e4r en kraftfull trigger som hanterar \u00e4ven de mest aggressiva kemikalierna tack vare sin h\u00f6ga kemiska kompatibilitet.","breadcrumb":{"@id":"https:\/\/spripac.com\/mixor-mp\/#breadcrumb"},"inLanguage":"en-GB","potentialAction":[{"@type":"ReadAction","target":["https:\/\/spripac.com\/mixor-mp\/"]}]},{"@type":"BreadcrumbList","@id":"https:\/\/spripac.com\/mixor-mp\/#breadcrumb","itemListElement":[{"@type":"ListItem","position":1,"name":"Hem","item":"https:\/\/spripac.com\/"},{"@type":"ListItem","position":2,"name":"Mixor mp"}]},{"@type":"WebSite","@id":"https:\/\/spripac.com\/#website","url":"https:\/\/spripac.com\/","name":"Spripac","description":"","publisher":{"@id":"https:\/\/spripac.com\/#organization"},"potentialAction":[{"@type":"SearchAction","target":{"@type":"EntryPoint","urlTemplate":"https:\/\/spripac.com\/?s={search_term_string}"},"query-input":"required name=search_term_string"}],"inLanguage":"en-GB"},{"@type":"Organization","@id":"https:\/\/spripac.com\/#organization","name":"SpriPac","url":"https:\/\/spripac.com\/","logo":{"@type":"ImageObject","inLanguage":"en-GB","@id":"https:\/\/spripac.com\/#\/schema\/logo\/image\/","url":"https:\/\/spripac.com\/wp-content\/uploads\/2020\/12\/spripac-orginal.png","contentUrl":"https:\/\/spripac.com\/wp-content\/uploads\/2020\/12\/spripac-orginal.png","width":902,"height":253,"caption":"SpriPac"},"image":{"@id":"https:\/\/spripac.com\/#\/schema\/logo\/image\/"}}]}},"_links":{"self":[{"href":"https:\/\/spripac.com\/en\/wp-json\/wp\/v2\/pages\/338"}],"collection":[{"href":"https:\/\/spripac.com\/en\/wp-json\/wp\/v2\/pages"}],"about":[{"href":"https:\/\/spripac.com\/en\/wp-json\/wp\/v2\/types\/page"}],"author":[{"embeddable":true,"href":"https:\/\/spripac.com\/en\/wp-json\/wp\/v2\/users\/1"}],"replies":[{"embeddable":true,"href":"https:\/\/spripac.com\/en\/wp-json\/wp\/v2\/comments?post=338"}],"version-history":[{"count":38,"href":"https:\/\/spripac.com\/en\/wp-json\/wp\/v2\/pages\/338\/revisions"}],"predecessor-version":[{"id":1321,"href":"https:\/\/spripac.com\/en\/wp-json\/wp\/v2\/pages\/338\/revisions\/1321"}],"wp:featuredmedia":[{"embeddable":true,"href":"https:\/\/spripac.com\/en\/wp-json\/wp\/v2\/media\/578"}],"wp:attachment":[{"href":"https:\/\/spripac.com\/en\/wp-json\/wp\/v2\/media?parent=338"}],"curies":[{"name":"wp","href":"https:\/\/api.w.org\/{rel}","templated":true}]}}