{"id":340,"date":"2020-12-09T23:11:06","date_gmt":"2020-12-09T22:11:06","guid":{"rendered":"https:\/\/spripac.com\/?page_id=340"},"modified":"2021-05-10T14:07:48","modified_gmt":"2021-05-10T12:07:48","slug":"ts800","status":"publish","type":"page","link":"https:\/\/spripac.com\/en\/ts800\/","title":{"rendered":"TS800"},"content":{"rendered":"<div data-elementor-type=\"wp-page\" data-elementor-id=\"340\" class=\"elementor elementor-340\">\n\t\t\t\t\t\t<div class=\"elementor-inner\">\n\t\t\t\t<div class=\"elementor-section-wrap\">\n\t\t\t\t\t\t\t\t\t<section class=\"elementor-section elementor-top-section elementor-element elementor-element-1615e690 elementor-section-height-min-height elementor-section-boxed elementor-section-height-default elementor-section-items-middle\" data-id=\"1615e690\" data-element_type=\"section\" data-settings=\"{&quot;background_background&quot;:&quot;classic&quot;,&quot;jet_parallax_layout_list&quot;:[]}\">\n\t\t\t\t\t\t\t<div class=\"elementor-background-overlay\"><\/div>\n\t\t\t\t\t\t\t<div class=\"elementor-container elementor-column-gap-default\">\n\t\t\t\t\t\t\t<div class=\"elementor-row\">\n\t\t\t\t\t<div class=\"elementor-column elementor-col-100 elementor-top-column elementor-element elementor-element-6810c029\" data-id=\"6810c029\" data-element_type=\"column\">\n\t\t\t<div class=\"elementor-column-wrap elementor-element-populated\">\n\t\t\t\t\t\t\t<div class=\"elementor-widget-wrap\">\n\t\t\t\t\t\t<section class=\"elementor-section elementor-inner-section elementor-element elementor-element-28ab1dfb elementor-section-boxed elementor-section-height-default elementor-section-height-default\" data-id=\"28ab1dfb\" data-element_type=\"section\" data-settings=\"{&quot;jet_parallax_layout_list&quot;:[]}\">\n\t\t\t\t\t\t<div class=\"elementor-container elementor-column-gap-no\">\n\t\t\t\t\t\t\t<div class=\"elementor-row\">\n\t\t\t\t\t<div class=\"elementor-column elementor-col-50 elementor-inner-column elementor-element elementor-element-6e8eb119\" data-id=\"6e8eb119\" data-element_type=\"column\">\n\t\t\t<div class=\"elementor-column-wrap elementor-element-populated\">\n\t\t\t\t\t\t\t<div class=\"elementor-widget-wrap\">\n\t\t\t\t\t\t<div class=\"elementor-element elementor-element-46675cf elementor-widget elementor-widget-image\" data-id=\"46675cf\" data-element_type=\"widget\" data-widget_type=\"image.default\">\n\t\t\t\t<div class=\"elementor-widget-container\">\n\t\t\t\t\t\t\t\t<div class=\"elementor-image\">\n\t\t\t\t\t\t\t\t\t\t\t\t<img decoding=\"async\" width=\"800\" height=\"800\" src=\"https:\/\/spripac.com\/wp-content\/uploads\/2020\/12\/Svart-returplast-sne-80xx800-e1612192316145.png\" class=\"attachment-large size-large wp-image-328\" alt=\"\" loading=\"lazy\" srcset=\"https:\/\/spripac.com\/wp-content\/uploads\/2020\/12\/Svart-returplast-sne-80xx800-e1612192316145.png 800w, https:\/\/spripac.com\/wp-content\/uploads\/2020\/12\/Svart-returplast-sne-80xx800-e1612192316145-300x300.png 300w, https:\/\/spripac.com\/wp-content\/uploads\/2020\/12\/Svart-returplast-sne-80xx800-e1612192316145-150x150.png 150w, https:\/\/spripac.com\/wp-content\/uploads\/2020\/12\/Svart-returplast-sne-80xx800-e1612192316145-768x768.png 768w\" sizes=\"(max-width: 800px) 100vw, 800px\" \/>\t\t\t\t\t\t\t\t\t\t\t\t\t\t<\/div>\n\t\t\t\t\t\t<\/div>\n\t\t\t\t<\/div>\n\t\t\t\t\t\t<\/div>\n\t\t\t\t\t<\/div>\n\t\t<\/div>\n\t\t\t\t<div class=\"elementor-column elementor-col-50 elementor-inner-column elementor-element elementor-element-39296c7f\" data-id=\"39296c7f\" data-element_type=\"column\">\n\t\t\t<div class=\"elementor-column-wrap elementor-element-populated\">\n\t\t\t\t\t\t\t<div class=\"elementor-widget-wrap\">\n\t\t\t\t\t\t<div class=\"elementor-element elementor-element-280e3e0a elementor-widget elementor-widget-heading\" data-id=\"280e3e0a\" data-element_type=\"widget\" data-widget_type=\"heading.default\">\n\t\t\t\t<div class=\"elementor-widget-container\">\n\t\t\t<h2 class=\"elementor-heading-title elementor-size-default\">TS800\u00ae<\/h2>\t\t<\/div>\n\t\t\t\t<\/div>\n\t\t\t\t<div class=\"elementor-element elementor-element-70c6591c elementor-widget elementor-widget-spacer\" data-id=\"70c6591c\" data-element_type=\"widget\" data-widget_type=\"spacer.default\">\n\t\t\t\t<div class=\"elementor-widget-container\">\n\t\t\t\t\t<div class=\"elementor-spacer\">\n\t\t\t<div class=\"elementor-spacer-inner\"><\/div>\n\t\t<\/div>\n\t\t\t\t<\/div>\n\t\t\t\t<\/div>\n\t\t\t\t<div class=\"elementor-element elementor-element-5b9824c7 elementor-widget elementor-widget-heading\" data-id=\"5b9824c7\" data-element_type=\"widget\" data-widget_type=\"heading.default\">\n\t\t\t\t<div class=\"elementor-widget-container\">\n\t\t\t<p class=\"elementor-heading-title elementor-size-default\">The trigger is available in 30 different variants. Possibility for the customer to choose the color and casing as desired. \n<\/p>\t\t<\/div>\n\t\t\t\t<\/div>\n\t\t\t\t<div class=\"elementor-element elementor-element-5c60308a elementor-widget elementor-widget-spacer\" data-id=\"5c60308a\" data-element_type=\"widget\" data-widget_type=\"spacer.default\">\n\t\t\t\t<div class=\"elementor-widget-container\">\n\t\t\t\t\t<div class=\"elementor-spacer\">\n\t\t\t<div class=\"elementor-spacer-inner\"><\/div>\n\t\t<\/div>\n\t\t\t\t<\/div>\n\t\t\t\t<\/div>\n\t\t\t\t<div class=\"elementor-element elementor-element-b403ae2 elementor-widget__width-auto elementor-widget elementor-widget-button\" data-id=\"b403ae2\" data-element_type=\"widget\" data-widget_type=\"button.default\">\n\t\t\t\t<div class=\"elementor-widget-container\">\n\t\t\t\t\t<div class=\"elementor-button-wrapper\">\n\t\t\t<a href=\"https:\/\/spripac.com\/en\/kontakt\/\" class=\"elementor-button-link elementor-button elementor-size-sm\" role=\"button\">\n\t\t\t\t\t\t<span class=\"elementor-button-content-wrapper\">\n\t\t\t\t\t\t<span class=\"elementor-button-text\">Contact<\/span>\n\t\t<\/span>\n\t\t\t\t\t<\/a>\n\t\t<\/div>\n\t\t\t\t<\/div>\n\t\t\t\t<\/div>\n\t\t\t\t<div class=\"elementor-element elementor-element-7a6dd757 elementor-widget elementor-widget-spacer\" data-id=\"7a6dd757\" data-element_type=\"widget\" data-widget_type=\"spacer.default\">\n\t\t\t\t<div class=\"elementor-widget-container\">\n\t\t\t\t\t<div class=\"elementor-spacer\">\n\t\t\t<div class=\"elementor-spacer-inner\"><\/div>\n\t\t<\/div>\n\t\t\t\t<\/div>\n\t\t\t\t<\/div>\n\t\t\t\t<div class=\"elementor-element elementor-element-d71cf46 elementor-widget elementor-widget-heading\" data-id=\"d71cf46\" data-element_type=\"widget\" data-widget_type=\"heading.default\">\n\t\t\t\t<div class=\"elementor-widget-container\">\n\t\t\t<span class=\"elementor-heading-title elementor-size-default\"><b>Quantity per carton:<\/b> 350 pcs<br>\n<b>Quantity per EUR pallet:<\/b> 8400 pcs<br>\n<b> Thread: <\/b> 28-410 <br>\n<b>Pipe length: <\/b> 235 mm <br>\n<b>Spreader Pattern: <\/b> spray <br>\n<b>Standard Color: <\/b> black <br>\n\n<b>MOQ for other specifications:<\/b> 50,400 pcs<\/span>\t\t<\/div>\n\t\t\t\t<\/div>\n\t\t\t\t\t\t<\/div>\n\t\t\t\t\t<\/div>\n\t\t<\/div>\n\t\t\t\t\t\t\t\t<\/div>\n\t\t\t\t\t<\/div>\n\t\t<\/section>\n\t\t\t\t\t\t<\/div>\n\t\t\t\t\t<\/div>\n\t\t<\/div>\n\t\t\t\t\t\t\t\t<\/div>\n\t\t\t\t\t<\/div>\n\t\t<\/section>\n\t\t\t\t<section class=\"elementor-section elementor-top-section elementor-element elementor-element-47868147 elementor-section-boxed elementor-section-height-default elementor-section-height-default\" data-id=\"47868147\" data-element_type=\"section\" data-settings=\"{&quot;background_background&quot;:&quot;classic&quot;,&quot;jet_parallax_layout_list&quot;:[]}\">\n\t\t\t\t\t\t<div class=\"elementor-container elementor-column-gap-default\">\n\t\t\t\t\t\t\t<div class=\"elementor-row\">\n\t\t\t\t\t<div class=\"elementor-column elementor-col-50 elementor-top-column elementor-element elementor-element-7ae5ffd4\" data-id=\"7ae5ffd4\" data-element_type=\"column\">\n\t\t\t<div class=\"elementor-column-wrap elementor-element-populated\">\n\t\t\t\t\t\t\t<div class=\"elementor-widget-wrap\">\n\t\t\t\t\t\t<div class=\"elementor-element elementor-element-45a9db24 elementor-view-default elementor-vertical-align-top elementor-widget elementor-widget-icon-box\" data-id=\"45a9db24\" data-element_type=\"widget\" data-widget_type=\"icon-box.default\">\n\t\t\t\t<div class=\"elementor-widget-container\">\n\t\t\t\t\t<div class=\"elementor-icon-box-wrapper\">\n\t\t\t\t\t\t<div class=\"elementor-icon-box-content\">\n\t\t\t\t<h3 class=\"elementor-icon-box-title\">\n\t\t\t\t\t<span  >\n\t\t\t\t\t\tTS800\u00ae Trigger Sprayer\t\t\t\t\t<\/span>\n\t\t\t\t<\/h3>\n\t\t\t\t\t\t\t\t\t<p class=\"elementor-icon-box-description\">\n\t\t\t\t\t\tOptional nozzles, casing and threads<br>\nReliable ventilation system<br>\nPossibility of bent riser\n<br> Available with up to 40% recycled plastic<br><br>\nTS800\u00ae is one of the world&#039;s best-selling trigger sprays. It is suitable for many different products in areas such as household chemicals, car care, garden and pet care.\t\t\t\t\t<\/p>\n\t\t\t\t\t\t\t<\/div>\n\t\t<\/div>\n\t\t\t\t<\/div>\n\t\t\t\t<\/div>\n\t\t\t\t<div class=\"elementor-element elementor-element-9ff9059 elementor-view-default elementor-vertical-align-top elementor-widget elementor-widget-icon-box\" data-id=\"9ff9059\" data-element_type=\"widget\" data-widget_type=\"icon-box.default\">\n\t\t\t\t<div class=\"elementor-widget-container\">\n\t\t\t\t\t<div class=\"elementor-icon-box-wrapper\">\n\t\t\t\t\t\t<div class=\"elementor-icon-box-content\">\n\t\t\t\t<h3 class=\"elementor-icon-box-title\">\n\t\t\t\t\t<span  >\n\t\t\t\t\t\tThe garden\t\t\t\t\t<\/span>\n\t\t\t\t<\/h3>\n\t\t\t\t\t\t\t\t\t<p class=\"elementor-icon-box-description\">\n\t\t\t\t\t\tInsecticide <br>\nHerbicide <br>\nManure\t\t\t\t\t<\/p>\n\t\t\t\t\t\t\t<\/div>\n\t\t<\/div>\n\t\t\t\t<\/div>\n\t\t\t\t<\/div>\n\t\t\t\t<div class=\"elementor-element elementor-element-a206b92 elementor-view-default elementor-vertical-align-top elementor-widget elementor-widget-icon-box\" data-id=\"a206b92\" data-element_type=\"widget\" data-widget_type=\"icon-box.default\">\n\t\t\t\t<div class=\"elementor-widget-container\">\n\t\t\t\t\t<div class=\"elementor-icon-box-wrapper\">\n\t\t\t\t\t\t<div class=\"elementor-icon-box-content\">\n\t\t\t\t<h3 class=\"elementor-icon-box-title\">\n\t\t\t\t\t<span  >\n\t\t\t\t\t\tThe car\t\t\t\t\t<\/span>\n\t\t\t\t<\/h3>\n\t\t\t\t\t\t\t\t\t<p class=\"elementor-icon-box-description\">\n\t\t\t\t\t\tCar wash <br>\nTire washing <br>\nCaravan wash\t\t\t\t\t<\/p>\n\t\t\t\t\t\t\t<\/div>\n\t\t<\/div>\n\t\t\t\t<\/div>\n\t\t\t\t<\/div>\n\t\t\t\t\t\t<\/div>\n\t\t\t\t\t<\/div>\n\t\t<\/div>\n\t\t\t\t<div class=\"elementor-column elementor-col-50 elementor-top-column elementor-element elementor-element-37bd5076\" data-id=\"37bd5076\" data-element_type=\"column\">\n\t\t\t<div class=\"elementor-column-wrap elementor-element-populated\">\n\t\t\t\t\t\t\t<div class=\"elementor-widget-wrap\">\n\t\t\t\t\t\t<div class=\"elementor-element elementor-element-5cd73dbb elementor-view-default elementor-vertical-align-top elementor-widget elementor-widget-icon-box\" data-id=\"5cd73dbb\" data-element_type=\"widget\" data-widget_type=\"icon-box.default\">\n\t\t\t\t<div class=\"elementor-widget-container\">\n\t\t\t\t\t<div class=\"elementor-icon-box-wrapper\">\n\t\t\t\t\t\t<div class=\"elementor-icon-box-content\">\n\t\t\t\t<h3 class=\"elementor-icon-box-title\">\n\t\t\t\t\t<span  >\n\t\t\t\t\t\tAreas of use\t\t\t\t\t<\/span>\n\t\t\t\t<\/h3>\n\t\t\t\t\t\t\t\t\t<p class=\"elementor-icon-box-description\">\n\t\t\t\t\t\tThe TS800\u00ae offers valuable benefits to the user in the following areas: \t\t\t\t\t<\/p>\n\t\t\t\t\t\t\t<\/div>\n\t\t<\/div>\n\t\t\t\t<\/div>\n\t\t\t\t<\/div>\n\t\t\t\t<div class=\"elementor-element elementor-element-356240f elementor-view-default elementor-vertical-align-top elementor-widget elementor-widget-icon-box\" data-id=\"356240f\" data-element_type=\"widget\" data-widget_type=\"icon-box.default\">\n\t\t\t\t<div class=\"elementor-widget-container\">\n\t\t\t\t\t<div class=\"elementor-icon-box-wrapper\">\n\t\t\t\t\t\t<div class=\"elementor-icon-box-content\">\n\t\t\t\t<h3 class=\"elementor-icon-box-title\">\n\t\t\t\t\t<span  >\n\t\t\t\t\t\tThe home\t\t\t\t\t<\/span>\n\t\t\t\t<\/h3>\n\t\t\t\t\t\t\t\t\t<p class=\"elementor-icon-box-description\">\n\t\t\t\t\t\tWindow cleaning <br>\nCarpet cleaning <br>\nOutdoor furniture washing\t\t\t\t\t<\/p>\n\t\t\t\t\t\t\t<\/div>\n\t\t<\/div>\n\t\t\t\t<\/div>\n\t\t\t\t<\/div>\n\t\t\t\t<div class=\"elementor-element elementor-element-ad92c16 elementor-view-default elementor-vertical-align-top elementor-widget elementor-widget-icon-box\" data-id=\"ad92c16\" data-element_type=\"widget\" data-widget_type=\"icon-box.default\">\n\t\t\t\t<div class=\"elementor-widget-container\">\n\t\t\t\t\t<div class=\"elementor-icon-box-wrapper\">\n\t\t\t\t\t\t<div class=\"elementor-icon-box-content\">\n\t\t\t\t<h3 class=\"elementor-icon-box-title\">\n\t\t\t\t\t<span  >\n\t\t\t\t\t\tThe boat\t\t\t\t\t<\/span>\n\t\t\t\t<\/h3>\n\t\t\t\t\t\t\t\t\t<p class=\"elementor-icon-box-description\">\n\t\t\t\t\t\tCleaning of equipment <br>\nRust and grease remover\n<br>Surface coating\n<br> Disinfectant\t\t\t\t\t<\/p>\n\t\t\t\t\t\t\t<\/div>\n\t\t<\/div>\n\t\t\t\t<\/div>\n\t\t\t\t<\/div>\n\t\t\t\t\t\t<\/div>\n\t\t\t\t\t<\/div>\n\t\t<\/div>\n\t\t\t\t\t\t\t\t<\/div>\n\t\t\t\t\t<\/div>\n\t\t<\/section>\n\t\t\t\t<section class=\"elementor-section elementor-top-section elementor-element elementor-element-3363371 elementor-section-boxed elementor-section-height-default elementor-section-height-default\" data-id=\"3363371\" data-element_type=\"section\" data-settings=\"{&quot;background_background&quot;:&quot;classic&quot;,&quot;jet_parallax_layout_list&quot;:[]}\">\n\t\t\t\t\t\t<div class=\"elementor-container elementor-column-gap-default\">\n\t\t\t\t\t\t\t<div class=\"elementor-row\">\n\t\t\t\t\t<div class=\"elementor-column elementor-col-50 elementor-top-column elementor-element elementor-element-781bca7\" data-id=\"781bca7\" data-element_type=\"column\">\n\t\t\t<div class=\"elementor-column-wrap\">\n\t\t\t\t\t\t\t<div class=\"elementor-widget-wrap\">\n\t\t\t\t\t\t\t\t<\/div>\n\t\t\t\t\t<\/div>\n\t\t<\/div>\n\t\t\t\t<div class=\"elementor-column elementor-col-50 elementor-top-column elementor-element elementor-element-6c86d46\" data-id=\"6c86d46\" data-element_type=\"column\">\n\t\t\t<div class=\"elementor-column-wrap\">\n\t\t\t\t\t\t\t<div class=\"elementor-widget-wrap\">\n\t\t\t\t\t\t\t\t<\/div>\n\t\t\t\t\t<\/div>\n\t\t<\/div>\n\t\t\t\t\t\t\t\t<\/div>\n\t\t\t\t\t<\/div>\n\t\t<\/section>\n\t\t\t\t<section class=\"elementor-section elementor-top-section elementor-element elementor-element-2f2ec09 elementor-section-boxed elementor-section-height-default elementor-section-height-default\" data-id=\"2f2ec09\" data-element_type=\"section\" data-settings=\"{&quot;background_background&quot;:&quot;classic&quot;,&quot;jet_parallax_layout_list&quot;:[]}\">\n\t\t\t\t\t\t<div class=\"elementor-container elementor-column-gap-default\">\n\t\t\t\t\t\t\t<div class=\"elementor-row\">\n\t\t\t\t\t<div class=\"elementor-column elementor-col-50 elementor-top-column elementor-element elementor-element-661750a\" data-id=\"661750a\" data-element_type=\"column\">\n\t\t\t<div class=\"elementor-column-wrap\">\n\t\t\t\t\t\t\t<div class=\"elementor-widget-wrap\">\n\t\t\t\t\t\t\t\t<\/div>\n\t\t\t\t\t<\/div>\n\t\t<\/div>\n\t\t\t\t<div class=\"elementor-column elementor-col-50 elementor-top-column elementor-element elementor-element-031bb2a\" data-id=\"031bb2a\" data-element_type=\"column\">\n\t\t\t<div class=\"elementor-column-wrap\">\n\t\t\t\t\t\t\t<div class=\"elementor-widget-wrap\">\n\t\t\t\t\t\t\t\t<\/div>\n\t\t\t\t\t<\/div>\n\t\t<\/div>\n\t\t\t\t\t\t\t\t<\/div>\n\t\t\t\t\t<\/div>\n\t\t<\/section>\n\t\t\t\t\t\t\t\t\t<\/div>\n\t\t\t<\/div>\n\t\t\t\t\t<\/div>","protected":false},"excerpt":{"rendered":"<p>TS800\u00ae Triggern kan f\u00e5s i 30 olika varianter. M\u00f6jlighet f\u00f6r kunden att v\u00e4lja f\u00e4rg och h\u00f6lje efter \u00f6nskem\u00e5l. Kontakt Antal per kartong: 350 st Antal per EUR-pall: 8400 st G\u00e4nga: 28-410 R\u00f6rl\u00e4ngd: 235 mm Spridarm\u00f6nster: spray Standardf\u00e4rg: svart MOQ vid andra specifikationer: 50.400 st TS800\u00ae Trigger Sprayer Valbara munstycken, h\u00f6lje och g\u00e4ngor P\u00e5litligt ventilationssystem M\u00f6jlighet [&hellip;]<\/p>\n","protected":false},"author":1,"featured_media":0,"parent":0,"menu_order":0,"comment_status":"closed","ping_status":"closed","template":"elementor_header_footer","meta":[],"yoast_head":"<!-- This site is optimized with the Yoast SEO plugin v20.9 - https:\/\/yoast.com\/wordpress\/plugins\/seo\/ -->\n<title>TS800\u00ae - Trigger Sprayers | Spripac<\/title>\n<meta name=\"description\" content=\"Triggern kan f\u00e5s i 30 olika varianter. M\u00f6jlighet f\u00f6r kunden att v\u00e4lja f\u00e4rg och h\u00f6lje efter \u00f6nskem\u00e5l.\" \/>\n<meta name=\"robots\" content=\"index, follow, max-snippet:-1, max-image-preview:large, max-video-preview:-1\" \/>\n<link rel=\"canonical\" href=\"https:\/\/spripac.com\/en\/ts800\/\" \/>\n<meta property=\"og:locale\" content=\"en_GB\" \/>\n<meta property=\"og:type\" content=\"article\" \/>\n<meta property=\"og:title\" content=\"TS800\u00ae - Trigger Sprayers | Spripac\" \/>\n<meta property=\"og:description\" content=\"Triggern kan f\u00e5s i 30 olika varianter. M\u00f6jlighet f\u00f6r kunden att v\u00e4lja f\u00e4rg och h\u00f6lje efter \u00f6nskem\u00e5l.\" \/>\n<meta property=\"og:url\" content=\"https:\/\/spripac.com\/en\/ts800\/\" \/>\n<meta property=\"og:site_name\" content=\"Spripac\" \/>\n<meta property=\"article:modified_time\" content=\"2021-05-10T12:07:48+00:00\" \/>\n<meta property=\"og:image\" content=\"https:\/\/spripac.com\/wp-content\/uploads\/2020\/12\/Svart-returplast-sne-80xx800-e1612192316145.png\" \/>\n<meta name=\"twitter:card\" content=\"summary_large_image\" \/>\n<meta name=\"twitter:label1\" content=\"Estimated reading time\" \/>\n\t<meta name=\"twitter:data1\" content=\"1 minute\" \/>\n<script type=\"application\/ld+json\" class=\"yoast-schema-graph\">{\"@context\":\"https:\/\/schema.org\",\"@graph\":[{\"@type\":\"WebPage\",\"@id\":\"https:\/\/spripac.com\/ts800\/\",\"url\":\"https:\/\/spripac.com\/ts800\/\",\"name\":\"TS800\u00ae - Trigger Sprayers | Spripac\",\"isPartOf\":{\"@id\":\"https:\/\/spripac.com\/#website\"},\"datePublished\":\"2020-12-09T22:11:06+00:00\",\"dateModified\":\"2021-05-10T12:07:48+00:00\",\"description\":\"Triggern kan f\u00e5s i 30 olika varianter. M\u00f6jlighet f\u00f6r kunden att v\u00e4lja f\u00e4rg och h\u00f6lje efter \u00f6nskem\u00e5l.\",\"breadcrumb\":{\"@id\":\"https:\/\/spripac.com\/ts800\/#breadcrumb\"},\"inLanguage\":\"en-GB\",\"potentialAction\":[{\"@type\":\"ReadAction\",\"target\":[\"https:\/\/spripac.com\/ts800\/\"]}]},{\"@type\":\"BreadcrumbList\",\"@id\":\"https:\/\/spripac.com\/ts800\/#breadcrumb\",\"itemListElement\":[{\"@type\":\"ListItem\",\"position\":1,\"name\":\"Hem\",\"item\":\"https:\/\/spripac.com\/\"},{\"@type\":\"ListItem\",\"position\":2,\"name\":\"TS800\"}]},{\"@type\":\"WebSite\",\"@id\":\"https:\/\/spripac.com\/#website\",\"url\":\"https:\/\/spripac.com\/\",\"name\":\"Spripac\",\"description\":\"\",\"publisher\":{\"@id\":\"https:\/\/spripac.com\/#organization\"},\"potentialAction\":[{\"@type\":\"SearchAction\",\"target\":{\"@type\":\"EntryPoint\",\"urlTemplate\":\"https:\/\/spripac.com\/?s={search_term_string}\"},\"query-input\":\"required name=search_term_string\"}],\"inLanguage\":\"en-GB\"},{\"@type\":\"Organization\",\"@id\":\"https:\/\/spripac.com\/#organization\",\"name\":\"SpriPac\",\"url\":\"https:\/\/spripac.com\/\",\"logo\":{\"@type\":\"ImageObject\",\"inLanguage\":\"en-GB\",\"@id\":\"https:\/\/spripac.com\/#\/schema\/logo\/image\/\",\"url\":\"https:\/\/spripac.com\/wp-content\/uploads\/2020\/12\/spripac-orginal.png\",\"contentUrl\":\"https:\/\/spripac.com\/wp-content\/uploads\/2020\/12\/spripac-orginal.png\",\"width\":902,\"height\":253,\"caption\":\"SpriPac\"},\"image\":{\"@id\":\"https:\/\/spripac.com\/#\/schema\/logo\/image\/\"}}]}<\/script>\n<!-- \/ Yoast SEO plugin. -->","yoast_head_json":{"title":"TS800\u00ae - Trigger Sprayers | Spripac","description":"The trigger is available in 30 different variants. Possibility for the customer to choose the color and casing as desired.","robots":{"index":"index","follow":"follow","max-snippet":"max-snippet:-1","max-image-preview":"max-image-preview:large","max-video-preview":"max-video-preview:-1"},"canonical":"https:\/\/spripac.com\/en\/ts800\/","og_locale":"en_GB","og_type":"article","og_title":"TS800\u00ae - Trigger Sprayers | Spripac","og_description":"Triggern kan f\u00e5s i 30 olika varianter. M\u00f6jlighet f\u00f6r kunden att v\u00e4lja f\u00e4rg och h\u00f6lje efter \u00f6nskem\u00e5l.","og_url":"https:\/\/spripac.com\/en\/ts800\/","og_site_name":"Spripac","article_modified_time":"2021-05-10T12:07:48+00:00","og_image":[{"url":"https:\/\/spripac.com\/wp-content\/uploads\/2020\/12\/Svart-returplast-sne-80xx800-e1612192316145.png"}],"twitter_card":"summary_large_image","twitter_misc":{"Estimated reading time":"1 minute"},"schema":{"@context":"https:\/\/schema.org","@graph":[{"@type":"WebPage","@id":"https:\/\/spripac.com\/ts800\/","url":"https:\/\/spripac.com\/ts800\/","name":"TS800\u00ae - Trigger Sprayers | Spripac","isPartOf":{"@id":"https:\/\/spripac.com\/#website"},"datePublished":"2020-12-09T22:11:06+00:00","dateModified":"2021-05-10T12:07:48+00:00","description":"The trigger is available in 30 different variants. Possibility for the customer to choose the color and casing as desired.","breadcrumb":{"@id":"https:\/\/spripac.com\/ts800\/#breadcrumb"},"inLanguage":"en-GB","potentialAction":[{"@type":"ReadAction","target":["https:\/\/spripac.com\/ts800\/"]}]},{"@type":"BreadcrumbList","@id":"https:\/\/spripac.com\/ts800\/#breadcrumb","itemListElement":[{"@type":"ListItem","position":1,"name":"Hem","item":"https:\/\/spripac.com\/"},{"@type":"ListItem","position":2,"name":"TS800"}]},{"@type":"WebSite","@id":"https:\/\/spripac.com\/#website","url":"https:\/\/spripac.com\/","name":"Spripac","description":"","publisher":{"@id":"https:\/\/spripac.com\/#organization"},"potentialAction":[{"@type":"SearchAction","target":{"@type":"EntryPoint","urlTemplate":"https:\/\/spripac.com\/?s={search_term_string}"},"query-input":"required name=search_term_string"}],"inLanguage":"en-GB"},{"@type":"Organization","@id":"https:\/\/spripac.com\/#organization","name":"SpriPac","url":"https:\/\/spripac.com\/","logo":{"@type":"ImageObject","inLanguage":"en-GB","@id":"https:\/\/spripac.com\/#\/schema\/logo\/image\/","url":"https:\/\/spripac.com\/wp-content\/uploads\/2020\/12\/spripac-orginal.png","contentUrl":"https:\/\/spripac.com\/wp-content\/uploads\/2020\/12\/spripac-orginal.png","width":902,"height":253,"caption":"SpriPac"},"image":{"@id":"https:\/\/spripac.com\/#\/schema\/logo\/image\/"}}]}},"_links":{"self":[{"href":"https:\/\/spripac.com\/en\/wp-json\/wp\/v2\/pages\/340"}],"collection":[{"href":"https:\/\/spripac.com\/en\/wp-json\/wp\/v2\/pages"}],"about":[{"href":"https:\/\/spripac.com\/en\/wp-json\/wp\/v2\/types\/page"}],"author":[{"embeddable":true,"href":"https:\/\/spripac.com\/en\/wp-json\/wp\/v2\/users\/1"}],"replies":[{"embeddable":true,"href":"https:\/\/spripac.com\/en\/wp-json\/wp\/v2\/comments?post=340"}],"version-history":[{"count":29,"href":"https:\/\/spripac.com\/en\/wp-json\/wp\/v2\/pages\/340\/revisions"}],"predecessor-version":[{"id":1326,"href":"https:\/\/spripac.com\/en\/wp-json\/wp\/v2\/pages\/340\/revisions\/1326"}],"wp:attachment":[{"href":"https:\/\/spripac.com\/en\/wp-json\/wp\/v2\/media?parent=340"}],"curies":[{"name":"wp","href":"https:\/\/api.w.org\/{rel}","templated":true}]}}