{"id":349,"date":"2020-12-09T23:12:58","date_gmt":"2020-12-09T22:12:58","guid":{"rendered":"https:\/\/spripac.com\/?page_id=349"},"modified":"2021-05-10T13:31:55","modified_gmt":"2021-05-10T11:31:55","slug":"mixor-hp-remote","status":"publish","type":"page","link":"https:\/\/spripac.com\/en\/mixor-hp-remote\/","title":{"rendered":"Mixer HP remote"},"content":{"rendered":"<div data-elementor-type=\"wp-page\" data-elementor-id=\"349\" class=\"elementor elementor-349\">\n\t\t\t\t\t\t<div class=\"elementor-inner\">\n\t\t\t\t<div class=\"elementor-section-wrap\">\n\t\t\t\t\t\t\t\t\t<section class=\"elementor-section elementor-top-section elementor-element elementor-element-53bfb91a elementor-section-height-min-height elementor-section-boxed elementor-section-height-default elementor-section-items-middle\" data-id=\"53bfb91a\" data-element_type=\"section\" data-settings=\"{&quot;background_background&quot;:&quot;classic&quot;,&quot;jet_parallax_layout_list&quot;:[]}\">\n\t\t\t\t\t\t\t<div class=\"elementor-background-overlay\"><\/div>\n\t\t\t\t\t\t\t<div class=\"elementor-container elementor-column-gap-default\">\n\t\t\t\t\t\t\t<div class=\"elementor-row\">\n\t\t\t\t\t<div class=\"elementor-column elementor-col-100 elementor-top-column elementor-element elementor-element-37ec67af\" data-id=\"37ec67af\" data-element_type=\"column\">\n\t\t\t<div class=\"elementor-column-wrap elementor-element-populated\">\n\t\t\t\t\t\t\t<div class=\"elementor-widget-wrap\">\n\t\t\t\t\t\t<section class=\"elementor-section elementor-inner-section elementor-element elementor-element-1600464a elementor-section-boxed elementor-section-height-default elementor-section-height-default\" data-id=\"1600464a\" data-element_type=\"section\" data-settings=\"{&quot;jet_parallax_layout_list&quot;:[]}\">\n\t\t\t\t\t\t<div class=\"elementor-container elementor-column-gap-no\">\n\t\t\t\t\t\t\t<div class=\"elementor-row\">\n\t\t\t\t\t<div class=\"elementor-column elementor-col-50 elementor-inner-column elementor-element elementor-element-38f5efa3\" data-id=\"38f5efa3\" data-element_type=\"column\">\n\t\t\t<div class=\"elementor-column-wrap elementor-element-populated\">\n\t\t\t\t\t\t\t<div class=\"elementor-widget-wrap\">\n\t\t\t\t\t\t<div class=\"elementor-element elementor-element-2e171f05 elementor-widget elementor-widget-image\" data-id=\"2e171f05\" data-element_type=\"widget\" data-widget_type=\"image.default\">\n\t\t\t\t<div class=\"elementor-widget-container\">\n\t\t\t\t\t\t\t\t<div class=\"elementor-image\">\n\t\t\t\t\t\t\t\t\t\t\t\t<img decoding=\"async\" width=\"800\" height=\"800\" src=\"https:\/\/spripac.com\/wp-content\/uploads\/2020\/12\/mixor_hp_remote_800x800.png\" class=\"attachment-large size-large wp-image-293\" alt=\"\" loading=\"lazy\" srcset=\"https:\/\/spripac.com\/wp-content\/uploads\/2020\/12\/mixor_hp_remote_800x800.png 800w, https:\/\/spripac.com\/wp-content\/uploads\/2020\/12\/mixor_hp_remote_800x800-300x300.png 300w, https:\/\/spripac.com\/wp-content\/uploads\/2020\/12\/mixor_hp_remote_800x800-150x150.png 150w, https:\/\/spripac.com\/wp-content\/uploads\/2020\/12\/mixor_hp_remote_800x800-768x768.png 768w\" sizes=\"(max-width: 800px) 100vw, 800px\" \/>\t\t\t\t\t\t\t\t\t\t\t\t\t\t<\/div>\n\t\t\t\t\t\t<\/div>\n\t\t\t\t<\/div>\n\t\t\t\t\t\t<\/div>\n\t\t\t\t\t<\/div>\n\t\t<\/div>\n\t\t\t\t<div class=\"elementor-column elementor-col-50 elementor-inner-column elementor-element elementor-element-efc0625\" data-id=\"efc0625\" data-element_type=\"column\">\n\t\t\t<div class=\"elementor-column-wrap elementor-element-populated\">\n\t\t\t\t\t\t\t<div class=\"elementor-widget-wrap\">\n\t\t\t\t\t\t<div class=\"elementor-element elementor-element-8c7dd1c elementor-widget elementor-widget-heading\" data-id=\"8c7dd1c\" data-element_type=\"widget\" data-widget_type=\"heading.default\">\n\t\t\t\t<div class=\"elementor-widget-container\">\n\t\t\t<h2 class=\"elementor-heading-title elementor-size-default\">Mixer\u00ae HP Remote<\/h2>\t\t<\/div>\n\t\t\t\t<\/div>\n\t\t\t\t<div class=\"elementor-element elementor-element-3a149ba2 elementor-widget elementor-widget-spacer\" data-id=\"3a149ba2\" data-element_type=\"widget\" data-widget_type=\"spacer.default\">\n\t\t\t\t<div class=\"elementor-widget-container\">\n\t\t\t\t\t<div class=\"elementor-spacer\">\n\t\t\t<div class=\"elementor-spacer-inner\"><\/div>\n\t\t<\/div>\n\t\t\t\t<\/div>\n\t\t\t\t<\/div>\n\t\t\t\t<div class=\"elementor-element elementor-element-720b2b7 elementor-widget elementor-widget-heading\" data-id=\"720b2b7\" data-element_type=\"widget\" data-widget_type=\"heading.default\">\n\t\t\t\t<div class=\"elementor-widget-container\">\n\t\t\t<p class=\"elementor-heading-title elementor-size-default\">The Mixor\u00ae HP Remote gives your product extra ease of use and performance by connecting the ergonomic handle to a snap adapt that attaches to the can.<\/p>\t\t<\/div>\n\t\t\t\t<\/div>\n\t\t\t\t<div class=\"elementor-element elementor-element-545162a7 elementor-widget elementor-widget-spacer\" data-id=\"545162a7\" data-element_type=\"widget\" data-widget_type=\"spacer.default\">\n\t\t\t\t<div class=\"elementor-widget-container\">\n\t\t\t\t\t<div class=\"elementor-spacer\">\n\t\t\t<div class=\"elementor-spacer-inner\"><\/div>\n\t\t<\/div>\n\t\t\t\t<\/div>\n\t\t\t\t<\/div>\n\t\t\t\t<div class=\"elementor-element elementor-element-5dea9ae elementor-widget__width-auto elementor-widget elementor-widget-button\" data-id=\"5dea9ae\" data-element_type=\"widget\" data-widget_type=\"button.default\">\n\t\t\t\t<div class=\"elementor-widget-container\">\n\t\t\t\t\t<div class=\"elementor-button-wrapper\">\n\t\t\t<a href=\"https:\/\/spripac.com\/en\/kontakt\/\" class=\"elementor-button-link elementor-button elementor-size-sm\" role=\"button\">\n\t\t\t\t\t\t<span class=\"elementor-button-content-wrapper\">\n\t\t\t\t\t\t<span class=\"elementor-button-text\">Contact<\/span>\n\t\t<\/span>\n\t\t\t\t\t<\/a>\n\t\t<\/div>\n\t\t\t\t<\/div>\n\t\t\t\t<\/div>\n\t\t\t\t<div class=\"elementor-element elementor-element-431771ce elementor-widget__width-auto elementor-widget elementor-widget-button\" data-id=\"431771ce\" data-element_type=\"widget\" data-widget_type=\"button.default\">\n\t\t\t\t<div class=\"elementor-widget-container\">\n\t\t\t\t\t<div class=\"elementor-button-wrapper\">\n\t\t\t<a href=\"#elementor-action%3Aaction%3Dpopup%3Aopen%26settings%3DeyJpZCI6Ijk3OSIsInRvZ2dsZSI6ZmFsc2V9\" class=\"elementor-button-link elementor-button elementor-size-sm\" role=\"button\">\n\t\t\t\t\t\t<span class=\"elementor-button-content-wrapper\">\n\t\t\t\t\t\t<span class=\"elementor-button-text\">Certified can<\/span>\n\t\t<\/span>\n\t\t\t\t\t<\/a>\n\t\t<\/div>\n\t\t\t\t<\/div>\n\t\t\t\t<\/div>\n\t\t\t\t<div class=\"elementor-element elementor-element-55be8e9c elementor-widget elementor-widget-spacer\" data-id=\"55be8e9c\" data-element_type=\"widget\" data-widget_type=\"spacer.default\">\n\t\t\t\t<div class=\"elementor-widget-container\">\n\t\t\t\t\t<div class=\"elementor-spacer\">\n\t\t\t<div class=\"elementor-spacer-inner\"><\/div>\n\t\t<\/div>\n\t\t\t\t<\/div>\n\t\t\t\t<\/div>\n\t\t\t\t<div class=\"elementor-element elementor-element-39f7c60d elementor-widget elementor-widget-heading\" data-id=\"39f7c60d\" data-element_type=\"widget\" data-widget_type=\"heading.default\">\n\t\t\t\t<div class=\"elementor-widget-container\">\n\t\t\t<span class=\"elementor-heading-title elementor-size-default\"><b>Quantity per carton:<\/b> 180 pcs<br>\n<b>Quantity per lake pallet:<\/b> 5040 pcs<br>\n<b>Snap adapt (connection): <\/b>420 pcs\/krt x 28 krt\/sea pallet<br>\n<b>Thread: <\/b> 38-400 <br>\n<b>Spreader Pattern: <\/b> jet\/spray <br>\n<b>Standard colors: <\/b> White <br>\n<b>MOQ for other specifications:<\/b> 50,400 pcs<\/span>\t\t<\/div>\n\t\t\t\t<\/div>\n\t\t\t\t\t\t<\/div>\n\t\t\t\t\t<\/div>\n\t\t<\/div>\n\t\t\t\t\t\t\t\t<\/div>\n\t\t\t\t\t<\/div>\n\t\t<\/section>\n\t\t\t\t\t\t<\/div>\n\t\t\t\t\t<\/div>\n\t\t<\/div>\n\t\t\t\t\t\t\t\t<\/div>\n\t\t\t\t\t<\/div>\n\t\t<\/section>\n\t\t\t\t<section class=\"elementor-section elementor-top-section elementor-element elementor-element-1e6ef5ff elementor-section-boxed elementor-section-height-default elementor-section-height-default\" data-id=\"1e6ef5ff\" data-element_type=\"section\" data-settings=\"{&quot;background_background&quot;:&quot;classic&quot;,&quot;jet_parallax_layout_list&quot;:[]}\">\n\t\t\t\t\t\t<div class=\"elementor-container elementor-column-gap-default\">\n\t\t\t\t\t\t\t<div class=\"elementor-row\">\n\t\t\t\t\t<div class=\"elementor-column elementor-col-50 elementor-top-column elementor-element elementor-element-5b440424\" data-id=\"5b440424\" data-element_type=\"column\">\n\t\t\t<div class=\"elementor-column-wrap elementor-element-populated\">\n\t\t\t\t\t\t\t<div class=\"elementor-widget-wrap\">\n\t\t\t\t\t\t<div class=\"elementor-element elementor-element-1e7ddd4f elementor-view-default elementor-vertical-align-top elementor-widget elementor-widget-icon-box\" data-id=\"1e7ddd4f\" data-element_type=\"widget\" data-widget_type=\"icon-box.default\">\n\t\t\t\t<div class=\"elementor-widget-container\">\n\t\t\t\t\t<div class=\"elementor-icon-box-wrapper\">\n\t\t\t\t\t\t<div class=\"elementor-icon-box-content\">\n\t\t\t\t<h3 class=\"elementor-icon-box-title\">\n\t\t\t\t\t<span  >\n\t\t\t\t\t\tMixor\u00ae HP Remote Trigger Sprayer\t\t\t\t\t<\/span>\n\t\t\t\t<\/h3>\n\t\t\t\t\t\t\t\t\t<p class=\"elementor-icon-box-description\">\n\t\t\t\t\t\tAvailable as spray\/jet or spray\/foam<br>\nErgonomic handle<br>\nLeak proof<br>\nUp and down function<br>\nEasy to maneuver<br><br>\nThe Mixor\u00ae HP Remote is advantageously used together with our can TriCan, which is specially designed for the Mixor\u00ae HP Remote.\t\t\t\t\t<\/p>\n\t\t\t\t\t\t\t<\/div>\n\t\t<\/div>\n\t\t\t\t<\/div>\n\t\t\t\t<\/div>\n\t\t\t\t\t\t<\/div>\n\t\t\t\t\t<\/div>\n\t\t<\/div>\n\t\t\t\t<div class=\"elementor-column elementor-col-50 elementor-top-column elementor-element elementor-element-bbffeaf\" data-id=\"bbffeaf\" data-element_type=\"column\">\n\t\t\t<div class=\"elementor-column-wrap elementor-element-populated\">\n\t\t\t\t\t\t\t<div class=\"elementor-widget-wrap\">\n\t\t\t\t\t\t<div class=\"elementor-element elementor-element-2683a12 elementor-widget elementor-widget-video\" data-id=\"2683a12\" data-element_type=\"widget\" data-settings=\"{&quot;youtube_url&quot;:&quot;https:\\\/\\\/youtu.be\\\/3jS2Qj41Q3o&quot;,&quot;video_type&quot;:&quot;youtube&quot;,&quot;controls&quot;:&quot;yes&quot;}\" data-widget_type=\"video.default\">\n\t\t\t\t<div class=\"elementor-widget-container\">\n\t\t\t\t\t<div class=\"elementor-wrapper elementor-open-inline\">\n\t\t\t<div class=\"elementor-video\"><\/div>\t\t<\/div>\n\t\t\t\t<\/div>\n\t\t\t\t<\/div>\n\t\t\t\t\t\t<\/div>\n\t\t\t\t\t<\/div>\n\t\t<\/div>\n\t\t\t\t\t\t\t\t<\/div>\n\t\t\t\t\t<\/div>\n\t\t<\/section>\n\t\t\t\t<section class=\"elementor-section elementor-top-section elementor-element elementor-element-384d4cfc elementor-section-boxed elementor-section-height-default elementor-section-height-default\" data-id=\"384d4cfc\" data-element_type=\"section\" data-settings=\"{&quot;background_background&quot;:&quot;classic&quot;,&quot;jet_parallax_layout_list&quot;:[]}\">\n\t\t\t\t\t\t<div class=\"elementor-container elementor-column-gap-default\">\n\t\t\t\t\t\t\t<div class=\"elementor-row\">\n\t\t\t\t\t<div class=\"elementor-column elementor-col-50 elementor-top-column elementor-element elementor-element-5a7be8b2\" data-id=\"5a7be8b2\" data-element_type=\"column\">\n\t\t\t<div class=\"elementor-column-wrap elementor-element-populated\">\n\t\t\t\t\t\t\t<div class=\"elementor-widget-wrap\">\n\t\t\t\t\t\t<div class=\"elementor-element elementor-element-754ee0c elementor-view-default elementor-vertical-align-top elementor-widget elementor-widget-icon-box\" data-id=\"754ee0c\" data-element_type=\"widget\" data-widget_type=\"icon-box.default\">\n\t\t\t\t<div class=\"elementor-widget-container\">\n\t\t\t\t\t<div class=\"elementor-icon-box-wrapper\">\n\t\t\t\t\t\t<div class=\"elementor-icon-box-content\">\n\t\t\t\t<h3 class=\"elementor-icon-box-title\">\n\t\t\t\t\t<span  >\n\t\t\t\t\t\tAreas of use\t\t\t\t\t<\/span>\n\t\t\t\t<\/h3>\n\t\t\t\t\t\t\t\t\t<p class=\"elementor-icon-box-description\">\n\t\t\t\t\t\tThis packaging solution gives the consumer the opportunity to spot treat and treat hard-to-reach areas with a ready-to-use solution. Can be advantageously used in the following areas: \t\t\t\t\t<\/p>\n\t\t\t\t\t\t\t<\/div>\n\t\t<\/div>\n\t\t\t\t<\/div>\n\t\t\t\t<\/div>\n\t\t\t\t\t\t<\/div>\n\t\t\t\t\t<\/div>\n\t\t<\/div>\n\t\t\t\t<div class=\"elementor-column elementor-col-50 elementor-top-column elementor-element elementor-element-6e765f68\" data-id=\"6e765f68\" data-element_type=\"column\">\n\t\t\t<div class=\"elementor-column-wrap elementor-element-populated\">\n\t\t\t\t\t\t\t<div class=\"elementor-widget-wrap\">\n\t\t\t\t\t\t<div class=\"elementor-element elementor-element-801ebfb elementor-view-default elementor-vertical-align-top elementor-widget elementor-widget-icon-box\" data-id=\"801ebfb\" data-element_type=\"widget\" data-widget_type=\"icon-box.default\">\n\t\t\t\t<div class=\"elementor-widget-container\">\n\t\t\t\t\t<div class=\"elementor-icon-box-wrapper\">\n\t\t\t\t\t\t<div class=\"elementor-icon-box-content\">\n\t\t\t\t<h3 class=\"elementor-icon-box-title\">\n\t\t\t\t\t<span  >\n\t\t\t\t\t\tThe garden\t\t\t\t\t<\/span>\n\t\t\t\t<\/h3>\n\t\t\t\t\t\t\t\t\t<p class=\"elementor-icon-box-description\">\n\t\t\t\t\t\tInsecticide <br>\nHerbicide <br>\nManure <br>\n\t\t\t\t\t<\/p>\n\t\t\t\t\t\t\t<\/div>\n\t\t<\/div>\n\t\t\t\t<\/div>\n\t\t\t\t<\/div>\n\t\t\t\t\t\t<\/div>\n\t\t\t\t\t<\/div>\n\t\t<\/div>\n\t\t\t\t\t\t\t\t<\/div>\n\t\t\t\t\t<\/div>\n\t\t<\/section>\n\t\t\t\t<section class=\"elementor-section elementor-top-section elementor-element elementor-element-a9968ee elementor-section-boxed elementor-section-height-default elementor-section-height-default\" data-id=\"a9968ee\" data-element_type=\"section\" data-settings=\"{&quot;background_background&quot;:&quot;classic&quot;,&quot;jet_parallax_layout_list&quot;:[]}\">\n\t\t\t\t\t\t<div class=\"elementor-container elementor-column-gap-default\">\n\t\t\t\t\t\t\t<div class=\"elementor-row\">\n\t\t\t\t\t<div class=\"elementor-column elementor-col-50 elementor-top-column elementor-element elementor-element-5e7c992\" data-id=\"5e7c992\" data-element_type=\"column\">\n\t\t\t<div class=\"elementor-column-wrap elementor-element-populated\">\n\t\t\t\t\t\t\t<div class=\"elementor-widget-wrap\">\n\t\t\t\t\t\t<div class=\"elementor-element elementor-element-4c498e9 elementor-view-default elementor-vertical-align-top elementor-widget elementor-widget-icon-box\" data-id=\"4c498e9\" data-element_type=\"widget\" data-widget_type=\"icon-box.default\">\n\t\t\t\t<div class=\"elementor-widget-container\">\n\t\t\t\t\t<div class=\"elementor-icon-box-wrapper\">\n\t\t\t\t\t\t<div class=\"elementor-icon-box-content\">\n\t\t\t\t<h3 class=\"elementor-icon-box-title\">\n\t\t\t\t\t<span  >\n\t\t\t\t\t\tThe home\t\t\t\t\t<\/span>\n\t\t\t\t<\/h3>\n\t\t\t\t\t\t\t\t\t<p class=\"elementor-icon-box-description\">\n\t\t\t\t\t\tWindow cleaning <br>\nCarpet cleaning <br>\nOutdoor furniture cleaning<br>\nDeicing\t\t\t\t\t<\/p>\n\t\t\t\t\t\t\t<\/div>\n\t\t<\/div>\n\t\t\t\t<\/div>\n\t\t\t\t<\/div>\n\t\t\t\t\t\t<\/div>\n\t\t\t\t\t<\/div>\n\t\t<\/div>\n\t\t\t\t<div class=\"elementor-column elementor-col-50 elementor-top-column elementor-element elementor-element-dc7ae36\" data-id=\"dc7ae36\" data-element_type=\"column\">\n\t\t\t<div class=\"elementor-column-wrap elementor-element-populated\">\n\t\t\t\t\t\t\t<div class=\"elementor-widget-wrap\">\n\t\t\t\t\t\t<div class=\"elementor-element elementor-element-0866b43 elementor-view-default elementor-vertical-align-top elementor-widget elementor-widget-icon-box\" data-id=\"0866b43\" data-element_type=\"widget\" data-widget_type=\"icon-box.default\">\n\t\t\t\t<div class=\"elementor-widget-container\">\n\t\t\t\t\t<div class=\"elementor-icon-box-wrapper\">\n\t\t\t\t\t\t<div class=\"elementor-icon-box-content\">\n\t\t\t\t<h3 class=\"elementor-icon-box-title\">\n\t\t\t\t\t<span  >\n\t\t\t\t\t\tThe car\t\t\t\t\t<\/span>\n\t\t\t\t<\/h3>\n\t\t\t\t\t\t\t\t\t<p class=\"elementor-icon-box-description\">\n\t\t\t\t\t\tCar wash <br>\nTire washing <br>\nCaravan wash\t\t\t\t\t<\/p>\n\t\t\t\t\t\t\t<\/div>\n\t\t<\/div>\n\t\t\t\t<\/div>\n\t\t\t\t<\/div>\n\t\t\t\t\t\t<\/div>\n\t\t\t\t\t<\/div>\n\t\t<\/div>\n\t\t\t\t\t\t\t\t<\/div>\n\t\t\t\t\t<\/div>\n\t\t<\/section>\n\t\t\t\t<section class=\"elementor-section elementor-top-section elementor-element elementor-element-665c50c elementor-section-boxed elementor-section-height-default elementor-section-height-default\" data-id=\"665c50c\" data-element_type=\"section\" data-settings=\"{&quot;background_background&quot;:&quot;classic&quot;,&quot;jet_parallax_layout_list&quot;:[]}\">\n\t\t\t\t\t\t<div class=\"elementor-container elementor-column-gap-default\">\n\t\t\t\t\t\t\t<div class=\"elementor-row\">\n\t\t\t\t\t<div class=\"elementor-column elementor-col-50 elementor-top-column elementor-element elementor-element-265be61\" data-id=\"265be61\" data-element_type=\"column\">\n\t\t\t<div class=\"elementor-column-wrap elementor-element-populated\">\n\t\t\t\t\t\t\t<div class=\"elementor-widget-wrap\">\n\t\t\t\t\t\t<div class=\"elementor-element elementor-element-c0d1c99 elementor-view-default elementor-vertical-align-top elementor-widget elementor-widget-icon-box\" data-id=\"c0d1c99\" data-element_type=\"widget\" data-widget_type=\"icon-box.default\">\n\t\t\t\t<div class=\"elementor-widget-container\">\n\t\t\t\t\t<div class=\"elementor-icon-box-wrapper\">\n\t\t\t\t\t\t<div class=\"elementor-icon-box-content\">\n\t\t\t\t<h3 class=\"elementor-icon-box-title\">\n\t\t\t\t\t<span  >\n\t\t\t\t\t\tThe boat\t\t\t\t\t<\/span>\n\t\t\t\t<\/h3>\n\t\t\t\t\t\t\t\t\t<p class=\"elementor-icon-box-description\">\n\t\t\t\t\t\tBoat cleaning <br>\nBoat wax and polishing\t\t\t\t\t<\/p>\n\t\t\t\t\t\t\t<\/div>\n\t\t<\/div>\n\t\t\t\t<\/div>\n\t\t\t\t<\/div>\n\t\t\t\t\t\t<\/div>\n\t\t\t\t\t<\/div>\n\t\t<\/div>\n\t\t\t\t<div class=\"elementor-column elementor-col-50 elementor-top-column elementor-element elementor-element-c5d9714\" data-id=\"c5d9714\" data-element_type=\"column\">\n\t\t\t<div class=\"elementor-column-wrap\">\n\t\t\t\t\t\t\t<div class=\"elementor-widget-wrap\">\n\t\t\t\t\t\t\t\t<\/div>\n\t\t\t\t\t<\/div>\n\t\t<\/div>\n\t\t\t\t\t\t\t\t<\/div>\n\t\t\t\t\t<\/div>\n\t\t<\/section>\n\t\t\t\t\t\t\t\t\t<\/div>\n\t\t\t<\/div>\n\t\t\t\t\t<\/div>","protected":false},"excerpt":{"rendered":"<p>Mixor\u00ae HP Remote Mixor\u00ae HP Remote ger din produkt extra anv\u00e4ndarv\u00e4nlighet och prestanda genom att koppla det ergonomiska handtaget till en snap adapt som f\u00e4stes p\u00e5 dunken. Kontakt Certifierad dunk Antal per kartong: 180 st Antal per sj\u00f6-pall: 5040 st Snap adapt (anslutning): 420 st\/krt x 28 krt\/sj\u00f6pall G\u00e4nga: 38-400 Spridarm\u00f6nster: str\u00e5le\/spray Standardf\u00e4rger: vit MOQ [&hellip;]<\/p>\n","protected":false},"author":1,"featured_media":0,"parent":0,"menu_order":0,"comment_status":"closed","ping_status":"closed","template":"elementor_header_footer","meta":[],"yoast_head":"<!-- This site is optimized with the Yoast SEO plugin v20.9 - https:\/\/yoast.com\/wordpress\/plugins\/seo\/ -->\n<title>Mixor\u00ae HP Remote - Trigger Sprayers | Spripac<\/title>\n<meta name=\"description\" content=\"Mixor\u00ae HP Remote ger dig extra anv\u00e4ndarv\u00e4nlighet och prestanda genom att koppla det ergonomiska handtaget till en snap adapt.\" \/>\n<meta name=\"robots\" content=\"index, follow, max-snippet:-1, max-image-preview:large, max-video-preview:-1\" \/>\n<link rel=\"canonical\" href=\"https:\/\/spripac.com\/en\/mixor-hp-remote\/\" \/>\n<meta property=\"og:locale\" content=\"en_GB\" \/>\n<meta property=\"og:type\" content=\"article\" \/>\n<meta property=\"og:title\" content=\"Mixor\u00ae HP Remote - Trigger Sprayers | Spripac\" \/>\n<meta property=\"og:description\" content=\"Mixor\u00ae HP Remote ger dig extra anv\u00e4ndarv\u00e4nlighet och prestanda genom att koppla det ergonomiska handtaget till en snap adapt.\" \/>\n<meta property=\"og:url\" content=\"https:\/\/spripac.com\/en\/mixor-hp-remote\/\" \/>\n<meta property=\"og:site_name\" content=\"Spripac\" \/>\n<meta property=\"article:modified_time\" content=\"2021-05-10T11:31:55+00:00\" \/>\n<meta property=\"og:image\" content=\"https:\/\/spripac.com\/wp-content\/uploads\/2020\/12\/mixor_hp_remote_800x800.png\" \/>\n<meta name=\"twitter:card\" content=\"summary_large_image\" \/>\n<meta name=\"twitter:label1\" content=\"Estimated reading time\" \/>\n\t<meta name=\"twitter:data1\" content=\"1 minute\" \/>\n<script type=\"application\/ld+json\" class=\"yoast-schema-graph\">{\"@context\":\"https:\/\/schema.org\",\"@graph\":[{\"@type\":\"WebPage\",\"@id\":\"https:\/\/spripac.com\/mixor-hp-remote\/\",\"url\":\"https:\/\/spripac.com\/mixor-hp-remote\/\",\"name\":\"Mixor\u00ae HP Remote - Trigger Sprayers | Spripac\",\"isPartOf\":{\"@id\":\"https:\/\/spripac.com\/#website\"},\"datePublished\":\"2020-12-09T22:12:58+00:00\",\"dateModified\":\"2021-05-10T11:31:55+00:00\",\"description\":\"Mixor\u00ae HP Remote ger dig extra anv\u00e4ndarv\u00e4nlighet och prestanda genom att koppla det ergonomiska handtaget till en snap adapt.\",\"breadcrumb\":{\"@id\":\"https:\/\/spripac.com\/mixor-hp-remote\/#breadcrumb\"},\"inLanguage\":\"en-GB\",\"potentialAction\":[{\"@type\":\"ReadAction\",\"target\":[\"https:\/\/spripac.com\/mixor-hp-remote\/\"]}]},{\"@type\":\"BreadcrumbList\",\"@id\":\"https:\/\/spripac.com\/mixor-hp-remote\/#breadcrumb\",\"itemListElement\":[{\"@type\":\"ListItem\",\"position\":1,\"name\":\"Hem\",\"item\":\"https:\/\/spripac.com\/\"},{\"@type\":\"ListItem\",\"position\":2,\"name\":\"Mixor HP remote\"}]},{\"@type\":\"WebSite\",\"@id\":\"https:\/\/spripac.com\/#website\",\"url\":\"https:\/\/spripac.com\/\",\"name\":\"Spripac\",\"description\":\"\",\"publisher\":{\"@id\":\"https:\/\/spripac.com\/#organization\"},\"potentialAction\":[{\"@type\":\"SearchAction\",\"target\":{\"@type\":\"EntryPoint\",\"urlTemplate\":\"https:\/\/spripac.com\/?s={search_term_string}\"},\"query-input\":\"required name=search_term_string\"}],\"inLanguage\":\"en-GB\"},{\"@type\":\"Organization\",\"@id\":\"https:\/\/spripac.com\/#organization\",\"name\":\"SpriPac\",\"url\":\"https:\/\/spripac.com\/\",\"logo\":{\"@type\":\"ImageObject\",\"inLanguage\":\"en-GB\",\"@id\":\"https:\/\/spripac.com\/#\/schema\/logo\/image\/\",\"url\":\"https:\/\/spripac.com\/wp-content\/uploads\/2020\/12\/spripac-orginal.png\",\"contentUrl\":\"https:\/\/spripac.com\/wp-content\/uploads\/2020\/12\/spripac-orginal.png\",\"width\":902,\"height\":253,\"caption\":\"SpriPac\"},\"image\":{\"@id\":\"https:\/\/spripac.com\/#\/schema\/logo\/image\/\"}}]}<\/script>\n<!-- \/ Yoast SEO plugin. -->","yoast_head_json":{"title":"Mixor\u00ae HP Remote - Trigger Sprayers | Spripac","description":"Mixor\u00ae HP Remote ger dig extra anv\u00e4ndarv\u00e4nlighet och prestanda genom att koppla det ergonomiska handtaget till en snap adapt.","robots":{"index":"index","follow":"follow","max-snippet":"max-snippet:-1","max-image-preview":"max-image-preview:large","max-video-preview":"max-video-preview:-1"},"canonical":"https:\/\/spripac.com\/en\/mixor-hp-remote\/","og_locale":"en_GB","og_type":"article","og_title":"Mixor\u00ae HP Remote - Trigger Sprayers | Spripac","og_description":"Mixor\u00ae HP Remote ger dig extra anv\u00e4ndarv\u00e4nlighet och prestanda genom att koppla det ergonomiska handtaget till en snap adapt.","og_url":"https:\/\/spripac.com\/en\/mixor-hp-remote\/","og_site_name":"Spripac","article_modified_time":"2021-05-10T11:31:55+00:00","og_image":[{"url":"https:\/\/spripac.com\/wp-content\/uploads\/2020\/12\/mixor_hp_remote_800x800.png"}],"twitter_card":"summary_large_image","twitter_misc":{"Estimated reading time":"1 minute"},"schema":{"@context":"https:\/\/schema.org","@graph":[{"@type":"WebPage","@id":"https:\/\/spripac.com\/mixor-hp-remote\/","url":"https:\/\/spripac.com\/mixor-hp-remote\/","name":"Mixor\u00ae HP Remote - Trigger Sprayers | Spripac","isPartOf":{"@id":"https:\/\/spripac.com\/#website"},"datePublished":"2020-12-09T22:12:58+00:00","dateModified":"2021-05-10T11:31:55+00:00","description":"Mixor\u00ae HP Remote ger dig extra anv\u00e4ndarv\u00e4nlighet och prestanda genom att koppla det ergonomiska handtaget till en snap adapt.","breadcrumb":{"@id":"https:\/\/spripac.com\/mixor-hp-remote\/#breadcrumb"},"inLanguage":"en-GB","potentialAction":[{"@type":"ReadAction","target":["https:\/\/spripac.com\/mixor-hp-remote\/"]}]},{"@type":"BreadcrumbList","@id":"https:\/\/spripac.com\/mixor-hp-remote\/#breadcrumb","itemListElement":[{"@type":"ListItem","position":1,"name":"Hem","item":"https:\/\/spripac.com\/"},{"@type":"ListItem","position":2,"name":"Mixor HP remote"}]},{"@type":"WebSite","@id":"https:\/\/spripac.com\/#website","url":"https:\/\/spripac.com\/","name":"Spripac","description":"","publisher":{"@id":"https:\/\/spripac.com\/#organization"},"potentialAction":[{"@type":"SearchAction","target":{"@type":"EntryPoint","urlTemplate":"https:\/\/spripac.com\/?s={search_term_string}"},"query-input":"required name=search_term_string"}],"inLanguage":"en-GB"},{"@type":"Organization","@id":"https:\/\/spripac.com\/#organization","name":"SpriPac","url":"https:\/\/spripac.com\/","logo":{"@type":"ImageObject","inLanguage":"en-GB","@id":"https:\/\/spripac.com\/#\/schema\/logo\/image\/","url":"https:\/\/spripac.com\/wp-content\/uploads\/2020\/12\/spripac-orginal.png","contentUrl":"https:\/\/spripac.com\/wp-content\/uploads\/2020\/12\/spripac-orginal.png","width":902,"height":253,"caption":"SpriPac"},"image":{"@id":"https:\/\/spripac.com\/#\/schema\/logo\/image\/"}}]}},"_links":{"self":[{"href":"https:\/\/spripac.com\/en\/wp-json\/wp\/v2\/pages\/349"}],"collection":[{"href":"https:\/\/spripac.com\/en\/wp-json\/wp\/v2\/pages"}],"about":[{"href":"https:\/\/spripac.com\/en\/wp-json\/wp\/v2\/types\/page"}],"author":[{"embeddable":true,"href":"https:\/\/spripac.com\/en\/wp-json\/wp\/v2\/users\/1"}],"replies":[{"embeddable":true,"href":"https:\/\/spripac.com\/en\/wp-json\/wp\/v2\/comments?post=349"}],"version-history":[{"count":26,"href":"https:\/\/spripac.com\/en\/wp-json\/wp\/v2\/pages\/349\/revisions"}],"predecessor-version":[{"id":1320,"href":"https:\/\/spripac.com\/en\/wp-json\/wp\/v2\/pages\/349\/revisions\/1320"}],"wp:attachment":[{"href":"https:\/\/spripac.com\/en\/wp-json\/wp\/v2\/media?parent=349"}],"curies":[{"name":"wp","href":"https:\/\/api.w.org\/{rel}","templated":true}]}}