{"id":454,"date":"2020-12-10T02:57:18","date_gmt":"2020-12-10T01:57:18","guid":{"rendered":"https:\/\/spripac.com\/?page_id=454"},"modified":"2021-03-25T09:27:23","modified_gmt":"2021-03-25T08:27:23","slug":"varuprov","status":"publish","type":"page","link":"https:\/\/spripac.com\/en\/varuprov\/","title":{"rendered":"Product sample"},"content":{"rendered":"\t\t<div data-elementor-type=\"wp-page\" data-elementor-id=\"454\" class=\"elementor elementor-454\">\n\t\t\t\t\t\t<div class=\"elementor-inner\">\n\t\t\t\t<div class=\"elementor-section-wrap\">\n\t\t\t\t\t\t\t\t\t<section class=\"elementor-section elementor-top-section elementor-element elementor-element-0ff0348 elementor-section-boxed elementor-section-height-default elementor-section-height-default\" data-id=\"0ff0348\" data-element_type=\"section\" data-settings=\"{&quot;jet_parallax_layout_list&quot;:[]}\">\n\t\t\t\t\t\t<div class=\"elementor-container elementor-column-gap-default\">\n\t\t\t\t\t\t\t<div class=\"elementor-row\">\n\t\t\t\t\t<div class=\"elementor-column elementor-col-100 elementor-top-column elementor-element elementor-element-2105084\" data-id=\"2105084\" data-element_type=\"column\">\n\t\t\t<div class=\"elementor-column-wrap elementor-element-populated\">\n\t\t\t\t\t\t\t<div class=\"elementor-widget-wrap\">\n\t\t\t\t\t\t<div class=\"elementor-element elementor-element-39d0370 elementor-button-align-stretch elementor-widget elementor-widget-form\" data-id=\"39d0370\" data-element_type=\"widget\" data-settings=\"{&quot;step_next_label&quot;:&quot;Next&quot;,&quot;step_previous_label&quot;:&quot;Previous&quot;,&quot;button_width&quot;:&quot;100&quot;,&quot;step_type&quot;:&quot;number_text&quot;,&quot;step_icon_shape&quot;:&quot;circle&quot;}\" data-widget_type=\"form.default\">\n\t\t\t\t<div class=\"elementor-widget-container\">\n\t\t\t\t\t<form class=\"elementor-form\" method=\"post\" name=\"Contact\">\n\t\t\t<input type=\"hidden\" name=\"post_id\" value=\"454\"\/>\n\t\t\t<input type=\"hidden\" name=\"form_id\" value=\"39d0370\"\/>\n\t\t\t<input type=\"hidden\" name=\"referer_title\" value=\"Spripac\" \/>\n\n\t\t\t\n\t\t\t<div class=\"elementor-form-fields-wrapper elementor-labels-\">\n\t\t\t\t\t\t\t\t<div class=\"elementor-field-type-text elementor-field-group elementor-column elementor-field-group-field_3071f9d elementor-col-50\">\n\t\t\t\t\t\t\t\t\t\t\t\t<label for=\"form-field-field_3071f9d\" class=\"elementor-field-label elementor-screen-only\">\n\t\t\t\t\t\t\t\tF\u00f6r - efternamn\t\t\t\t\t\t\t<\/label>\n\t\t\t\t\t\t\t\t\t\t\t\t\t\t<input size=\"1\" type=\"text\" name=\"form_fields[field_3071f9d]\" id=\"form-field-field_3071f9d\" class=\"elementor-field elementor-size-lg  elementor-field-textual\" placeholder=\"F\u00f6r - efternamn\">\n\t\t\t\t\t\t\t\t\t\t\t<\/div>\n\t\t\t\t\t\t\t\t<div class=\"elementor-field-type-text elementor-field-group elementor-column elementor-field-group-name elementor-col-50\">\n\t\t\t\t\t\t\t\t\t\t\t\t<label for=\"form-field-name\" class=\"elementor-field-label elementor-screen-only\">\n\t\t\t\t\t\t\t\tF\u00f6retag\t\t\t\t\t\t\t<\/label>\n\t\t\t\t\t\t\t\t\t\t\t\t\t\t<input size=\"1\" type=\"text\" name=\"form_fields[name]\" id=\"form-field-name\" class=\"elementor-field elementor-size-lg  elementor-field-textual\" placeholder=\"F\u00f6retag\">\n\t\t\t\t\t\t\t\t\t\t\t<\/div>\n\t\t\t\t\t\t\t\t<div class=\"elementor-field-type-text elementor-field-group elementor-column elementor-field-group-field_accc554 elementor-col-50\">\n\t\t\t\t\t\t\t\t\t\t\t\t<label for=\"form-field-field_accc554\" class=\"elementor-field-label elementor-screen-only\">\n\t\t\t\t\t\t\t\tAdress\t\t\t\t\t\t\t<\/label>\n\t\t\t\t\t\t\t\t\t\t\t\t\t\t<input size=\"1\" type=\"text\" name=\"form_fields[field_accc554]\" id=\"form-field-field_accc554\" class=\"elementor-field elementor-size-lg  elementor-field-textual\" placeholder=\"Adress\">\n\t\t\t\t\t\t\t\t\t\t\t<\/div>\n\t\t\t\t\t\t\t\t<div class=\"elementor-field-type-text elementor-field-group elementor-column elementor-field-group-field_a6f07b4 elementor-col-50\">\n\t\t\t\t\t\t\t\t\t\t\t\t<label for=\"form-field-field_a6f07b4\" class=\"elementor-field-label elementor-screen-only\">\n\t\t\t\t\t\t\t\tOrt\t\t\t\t\t\t\t<\/label>\n\t\t\t\t\t\t\t\t\t\t\t\t\t\t<input size=\"1\" type=\"text\" name=\"form_fields[field_a6f07b4]\" id=\"form-field-field_a6f07b4\" class=\"elementor-field elementor-size-lg  elementor-field-textual\" placeholder=\"Ort\">\n\t\t\t\t\t\t\t\t\t\t\t<\/div>\n\t\t\t\t\t\t\t\t<div class=\"elementor-field-type-text elementor-field-group elementor-column elementor-field-group-field_c2bc1f3 elementor-col-50\">\n\t\t\t\t\t\t\t\t\t\t\t\t<label for=\"form-field-field_c2bc1f3\" class=\"elementor-field-label elementor-screen-only\">\n\t\t\t\t\t\t\t\tPostnr\t\t\t\t\t\t\t<\/label>\n\t\t\t\t\t\t\t\t\t\t\t\t\t\t<input size=\"1\" type=\"text\" name=\"form_fields[field_c2bc1f3]\" id=\"form-field-field_c2bc1f3\" class=\"elementor-field elementor-size-lg  elementor-field-textual\" placeholder=\"Postnr\">\n\t\t\t\t\t\t\t\t\t\t\t<\/div>\n\t\t\t\t\t\t\t\t<div class=\"elementor-field-type-text elementor-field-group elementor-column elementor-field-group-field_7e56c88 elementor-col-50\">\n\t\t\t\t\t\t\t\t\t\t\t\t<label for=\"form-field-field_7e56c88\" class=\"elementor-field-label elementor-screen-only\">\n\t\t\t\t\t\t\t\tLand\t\t\t\t\t\t\t<\/label>\n\t\t\t\t\t\t\t\t\t\t\t\t\t\t<input size=\"1\" type=\"text\" name=\"form_fields[field_7e56c88]\" id=\"form-field-field_7e56c88\" class=\"elementor-field elementor-size-lg  elementor-field-textual\" placeholder=\"Land\">\n\t\t\t\t\t\t\t\t\t\t\t<\/div>\n\t\t\t\t\t\t\t\t<div class=\"elementor-field-type-email elementor-field-group elementor-column elementor-field-group-email elementor-col-50 elementor-field-required\">\n\t\t\t\t\t\t\t\t\t\t\t\t<label for=\"form-field-email\" class=\"elementor-field-label elementor-screen-only\">\n\t\t\t\t\t\t\t\tE-post\t\t\t\t\t\t\t<\/label>\n\t\t\t\t\t\t\t\t\t\t\t\t\t\t<input size=\"1\" type=\"email\" name=\"form_fields[email]\" id=\"form-field-email\" class=\"elementor-field elementor-size-lg  elementor-field-textual\" placeholder=\"E-post\" required=\"required\" aria-required=\"true\">\n\t\t\t\t\t\t\t\t\t\t\t<\/div>\n\t\t\t\t\t\t\t\t<div class=\"elementor-field-type-tel elementor-field-group elementor-column elementor-field-group-field_eca492a elementor-col-50 elementor-field-required\">\n\t\t\t\t\t\t\t\t\t\t\t\t<label for=\"form-field-field_eca492a\" class=\"elementor-field-label elementor-screen-only\">\n\t\t\t\t\t\t\t\tTelefon\t\t\t\t\t\t\t<\/label>\n\t\t\t\t\t\t\t\t<input size=\"1\" type=\"tel\" name=\"form_fields[field_eca492a]\" id=\"form-field-field_eca492a\" class=\"elementor-field elementor-size-lg  elementor-field-textual\" placeholder=\"Telefon\" required=\"required\" aria-required=\"true\" pattern=\"[0-9()#&amp;+*-=.]+\" title=\"Only numbers and phone characters (#, -, *, etc) are accepted.\">\n\n\t\t\t\t\t\t<\/div>\n\t\t\t\t\t\t\t\t<div class=\"elementor-field-type-number elementor-field-group elementor-column elementor-field-group-message elementor-col-100\">\n\t\t\t\t\t\t\t\t\t\t\t\t<label for=\"form-field-message\" class=\"elementor-field-label elementor-screen-only\">\n\t\t\t\t\t\t\t\tBer\u00e4knad kvantitet per \u00e5r\t\t\t\t\t\t\t<\/label>\n\t\t\t\t\t\t\t\t\t<input type=\"number\" name=\"form_fields[message]\" id=\"form-field-message\" class=\"elementor-field elementor-size-lg  elementor-field-textual\" placeholder=\"Ber\u00e4knad kvantitet per \u00e5r\" min=\"\" max=\"\" >\n\t\t\t\t\t\t<\/div>\n\t\t\t\t\t\t\t\t<div class=\"elementor-field-type-select elementor-field-group elementor-column elementor-field-group-hose elementor-col-100 elementor-field-type-select-multiple\">\n\t\t\t\t\t\t\t\t\t\t\t\t<label for=\"form-field-hose\" class=\"elementor-field-label elementor-screen-only\">\n\t\t\t\t\t\t\t\tVal av produktprov\t\t\t\t\t\t\t<\/label>\n\t\t\t\t\t\t\t\t<div class=\"elementor-field elementor-select-wrapper remove-before \">\n\t\t\t<div class=\"select-caret-down-wrapper\">\n\t\t\t\t\t\t\t<\/div>\n\t\t\t<select name=\"form_fields[hose][]\" id=\"form-field-hose\" class=\"elementor-field-textual elementor-size-lg\" multiple=\"\">\n\t\t\t\t\t\t\t\t\t<option value=\" 1\">HP-2 <\/option>\n\t\t\t\t\t\t\t\t\t<option value=\" 2\">HP-3 <\/option>\n\t\t\t\t\t\t\t\t\t<option value=\" 3\">Mini Turret <\/option>\n\t\t\t\t\t\t\t\t\t<option value=\" 4\">Mixor\u00ae MP <\/option>\n\t\t\t\t\t\t\t\t\t<option value=\" 5\">TS800 <\/option>\n\t\t\t\t\t\t\t\t\t<option value=\" 6\">SP05 PC <\/option>\n\t\t\t\t\t\t\t\t\t<option value=\" 7\">Mixor HP Remote <\/option>\n\t\t\t\t\t\t\t\t\t<option value=\"\"><\/option>\n\t\t\t\t\t\t\t\t\t<option value=\"\"><\/option>\n\t\t\t\t\t\t\t<\/select>\n\t\t<\/div>\n\t\t\t\t\t\t<\/div>\n\t\t\t\t\t\t\t\t<div class=\"elementor-field-group elementor-column elementor-field-type-submit elementor-col-100 e-form__buttons\">\n\t\t\t\t\t<button type=\"submit\" class=\"elementor-button elementor-size-md\">\n\t\t\t\t\t\t<span >\n\t\t\t\t\t\t\t\t\t\t\t\t\t\t\t<span class=\" elementor-button-icon\">\n\t\t\t\t\t\t\t\t\t<i class=\"fa fa-space-shuttle\" aria-hidden=\"true\"><\/i>\t\t\t\t\t\t\t\t\t\t\t\t\t\t\t\t\t<\/span>\n\t\t\t\t\t\t\t\t\t\t\t\t\t\t\t\t\t\t\t\t\t\t<span class=\"elementor-button-text\">Skicka<\/span>\n\t\t\t\t\t\t\t\t\t\t\t\t\t<\/span>\n\t\t\t\t\t<\/button>\n\t\t\t\t<\/div>\n\t\t\t<\/div>\n\t\t<\/form>\n\t\t\t\t<\/div>\n\t\t\t\t<\/div>\n\t\t\t\t\t\t<\/div>\n\t\t\t\t\t<\/div>\n\t\t<\/div>\n\t\t\t\t\t\t\t\t<\/div>\n\t\t\t\t\t<\/div>\n\t\t<\/section>\n\t\t\t\t\t\t\t\t\t<\/div>\n\t\t\t<\/div>\n\t\t\t\t\t<\/div>\n\t\t","protected":false},"excerpt":{"rendered":"","protected":false},"author":1,"featured_media":696,"parent":0,"menu_order":0,"comment_status":"closed","ping_status":"closed","template":"elementor_header_footer","meta":[],"yoast_head":"<!-- This site is optimized with the Yoast SEO plugin v20.9 - https:\/\/yoast.com\/wordpress\/plugins\/seo\/ -->\n<title>Varuprov - Spripac<\/title>\n<meta name=\"description\" content=\"Fyll i formul\u00e4ret f\u00f6r att best\u00e4lla varuprov direkt till er verksamhet. Kontakta oss vid fr\u00e5gor &amp; funderingar g\u00e4llande v\u00e5ra produkter.\" \/>\n<meta name=\"robots\" content=\"index, follow, max-snippet:-1, max-image-preview:large, max-video-preview:-1\" \/>\n<link rel=\"canonical\" href=\"https:\/\/spripac.com\/en\/varuprov\/\" \/>\n<meta property=\"og:locale\" content=\"en_GB\" \/>\n<meta property=\"og:type\" content=\"article\" \/>\n<meta property=\"og:title\" content=\"Varuprov - Spripac\" \/>\n<meta property=\"og:description\" content=\"Fyll i formul\u00e4ret f\u00f6r att best\u00e4lla varuprov direkt till er verksamhet. Kontakta oss vid fr\u00e5gor &amp; funderingar g\u00e4llande v\u00e5ra produkter.\" \/>\n<meta property=\"og:url\" content=\"https:\/\/spripac.com\/en\/varuprov\/\" \/>\n<meta property=\"og:site_name\" content=\"Spripac\" \/>\n<meta property=\"article:modified_time\" content=\"2021-03-25T08:27:23+00:00\" \/>\n<meta property=\"og:image\" content=\"https:\/\/spripac.com\/wp-content\/uploads\/2021\/02\/Samlad-bild-scaled.jpg\" \/>\n\t<meta property=\"og:image:width\" content=\"2560\" \/>\n\t<meta property=\"og:image:height\" content=\"2168\" \/>\n\t<meta property=\"og:image:type\" content=\"image\/jpeg\" \/>\n<meta name=\"twitter:card\" content=\"summary_large_image\" \/>\n<meta name=\"twitter:label1\" content=\"Estimated reading time\" \/>\n\t<meta name=\"twitter:data1\" content=\"1 minute\" \/>\n<script type=\"application\/ld+json\" class=\"yoast-schema-graph\">{\"@context\":\"https:\/\/schema.org\",\"@graph\":[{\"@type\":\"WebPage\",\"@id\":\"https:\/\/spripac.com\/varuprov\/\",\"url\":\"https:\/\/spripac.com\/varuprov\/\",\"name\":\"Varuprov - Spripac\",\"isPartOf\":{\"@id\":\"https:\/\/spripac.com\/#website\"},\"datePublished\":\"2020-12-10T01:57:18+00:00\",\"dateModified\":\"2021-03-25T08:27:23+00:00\",\"description\":\"Fyll i formul\u00e4ret f\u00f6r att best\u00e4lla varuprov direkt till er verksamhet. Kontakta oss vid fr\u00e5gor & funderingar g\u00e4llande v\u00e5ra produkter.\",\"breadcrumb\":{\"@id\":\"https:\/\/spripac.com\/varuprov\/#breadcrumb\"},\"inLanguage\":\"en-GB\",\"potentialAction\":[{\"@type\":\"ReadAction\",\"target\":[\"https:\/\/spripac.com\/varuprov\/\"]}]},{\"@type\":\"BreadcrumbList\",\"@id\":\"https:\/\/spripac.com\/varuprov\/#breadcrumb\",\"itemListElement\":[{\"@type\":\"ListItem\",\"position\":1,\"name\":\"Hem\",\"item\":\"https:\/\/spripac.com\/\"},{\"@type\":\"ListItem\",\"position\":2,\"name\":\"Varuprov\"}]},{\"@type\":\"WebSite\",\"@id\":\"https:\/\/spripac.com\/#website\",\"url\":\"https:\/\/spripac.com\/\",\"name\":\"Spripac\",\"description\":\"\",\"publisher\":{\"@id\":\"https:\/\/spripac.com\/#organization\"},\"potentialAction\":[{\"@type\":\"SearchAction\",\"target\":{\"@type\":\"EntryPoint\",\"urlTemplate\":\"https:\/\/spripac.com\/?s={search_term_string}\"},\"query-input\":\"required name=search_term_string\"}],\"inLanguage\":\"en-GB\"},{\"@type\":\"Organization\",\"@id\":\"https:\/\/spripac.com\/#organization\",\"name\":\"SpriPac\",\"url\":\"https:\/\/spripac.com\/\",\"logo\":{\"@type\":\"ImageObject\",\"inLanguage\":\"en-GB\",\"@id\":\"https:\/\/spripac.com\/#\/schema\/logo\/image\/\",\"url\":\"https:\/\/spripac.com\/wp-content\/uploads\/2020\/12\/spripac-orginal.png\",\"contentUrl\":\"https:\/\/spripac.com\/wp-content\/uploads\/2020\/12\/spripac-orginal.png\",\"width\":902,\"height\":253,\"caption\":\"SpriPac\"},\"image\":{\"@id\":\"https:\/\/spripac.com\/#\/schema\/logo\/image\/\"}}]}<\/script>\n<!-- \/ Yoast SEO plugin. -->","yoast_head_json":{"title":"Varuprov - Spripac","description":"Fyll i formul\u00e4ret f\u00f6r att best\u00e4lla varuprov direkt till er verksamhet. Kontakta oss vid fr\u00e5gor & funderingar g\u00e4llande v\u00e5ra produkter.","robots":{"index":"index","follow":"follow","max-snippet":"max-snippet:-1","max-image-preview":"max-image-preview:large","max-video-preview":"max-video-preview:-1"},"canonical":"https:\/\/spripac.com\/en\/varuprov\/","og_locale":"en_GB","og_type":"article","og_title":"Varuprov - Spripac","og_description":"Fyll i formul\u00e4ret f\u00f6r att best\u00e4lla varuprov direkt till er verksamhet. Kontakta oss vid fr\u00e5gor & funderingar g\u00e4llande v\u00e5ra produkter.","og_url":"https:\/\/spripac.com\/en\/varuprov\/","og_site_name":"Spripac","article_modified_time":"2021-03-25T08:27:23+00:00","og_image":[{"width":2560,"height":2168,"url":"https:\/\/spripac.com\/wp-content\/uploads\/2021\/02\/Samlad-bild-scaled.jpg","type":"image\/jpeg"}],"twitter_card":"summary_large_image","twitter_misc":{"Estimated reading time":"1 minute"},"schema":{"@context":"https:\/\/schema.org","@graph":[{"@type":"WebPage","@id":"https:\/\/spripac.com\/varuprov\/","url":"https:\/\/spripac.com\/varuprov\/","name":"Varuprov - Spripac","isPartOf":{"@id":"https:\/\/spripac.com\/#website"},"datePublished":"2020-12-10T01:57:18+00:00","dateModified":"2021-03-25T08:27:23+00:00","description":"Fyll i formul\u00e4ret f\u00f6r att best\u00e4lla varuprov direkt till er verksamhet. Kontakta oss vid fr\u00e5gor & funderingar g\u00e4llande v\u00e5ra produkter.","breadcrumb":{"@id":"https:\/\/spripac.com\/varuprov\/#breadcrumb"},"inLanguage":"en-GB","potentialAction":[{"@type":"ReadAction","target":["https:\/\/spripac.com\/varuprov\/"]}]},{"@type":"BreadcrumbList","@id":"https:\/\/spripac.com\/varuprov\/#breadcrumb","itemListElement":[{"@type":"ListItem","position":1,"name":"Hem","item":"https:\/\/spripac.com\/"},{"@type":"ListItem","position":2,"name":"Varuprov"}]},{"@type":"WebSite","@id":"https:\/\/spripac.com\/#website","url":"https:\/\/spripac.com\/","name":"Spripac","description":"","publisher":{"@id":"https:\/\/spripac.com\/#organization"},"potentialAction":[{"@type":"SearchAction","target":{"@type":"EntryPoint","urlTemplate":"https:\/\/spripac.com\/?s={search_term_string}"},"query-input":"required name=search_term_string"}],"inLanguage":"en-GB"},{"@type":"Organization","@id":"https:\/\/spripac.com\/#organization","name":"SpriPac","url":"https:\/\/spripac.com\/","logo":{"@type":"ImageObject","inLanguage":"en-GB","@id":"https:\/\/spripac.com\/#\/schema\/logo\/image\/","url":"https:\/\/spripac.com\/wp-content\/uploads\/2020\/12\/spripac-orginal.png","contentUrl":"https:\/\/spripac.com\/wp-content\/uploads\/2020\/12\/spripac-orginal.png","width":902,"height":253,"caption":"SpriPac"},"image":{"@id":"https:\/\/spripac.com\/#\/schema\/logo\/image\/"}}]}},"_links":{"self":[{"href":"https:\/\/spripac.com\/en\/wp-json\/wp\/v2\/pages\/454"}],"collection":[{"href":"https:\/\/spripac.com\/en\/wp-json\/wp\/v2\/pages"}],"about":[{"href":"https:\/\/spripac.com\/en\/wp-json\/wp\/v2\/types\/page"}],"author":[{"embeddable":true,"href":"https:\/\/spripac.com\/en\/wp-json\/wp\/v2\/users\/1"}],"replies":[{"embeddable":true,"href":"https:\/\/spripac.com\/en\/wp-json\/wp\/v2\/comments?post=454"}],"version-history":[{"count":30,"href":"https:\/\/spripac.com\/en\/wp-json\/wp\/v2\/pages\/454\/revisions"}],"predecessor-version":[{"id":850,"href":"https:\/\/spripac.com\/en\/wp-json\/wp\/v2\/pages\/454\/revisions\/850"}],"wp:featuredmedia":[{"embeddable":true,"href":"https:\/\/spripac.com\/en\/wp-json\/wp\/v2\/media\/696"}],"wp:attachment":[{"href":"https:\/\/spripac.com\/en\/wp-json\/wp\/v2\/media?parent=454"}],"curies":[{"name":"wp","href":"https:\/\/api.w.org\/{rel}","templated":true}]}}